{"id":4079,"date":"2024-07-17T15:18:59","date_gmt":"2024-07-17T13:18:59","guid":{"rendered":"https:\/\/retreat.shaitubali.com\/free-mountain-meditation\/"},"modified":"2024-07-17T16:03:12","modified_gmt":"2024-07-17T14:03:12","slug":"free-mountain-meditation","status":"publish","type":"page","link":"https:\/\/retreat.shaitubali.com\/de\/free-mountain-meditation\/","title":{"rendered":"[Gratis Meditation] Entdecke deinen inneren Berg"},"content":{"rendered":"<p>[et_pb_section fb_built=&#8220;1&#8243; inner_shadow=&#8220;on&#8220; admin_label=&#8220;Hero Section&#8220; _builder_version=&#8220;4.24.3&#8243; background_enable_color=&#8220;off&#8220; use_background_color_gradient=&#8220;on&#8220; background_color_gradient_stops=&#8220;#c8a980 0%|rgba(200,169,128,0.28) 99%&#8220; background_color_gradient_overlays_image=&#8220;on&#8220; background_color_gradient_start=&#8220;rgba(0,0,0,0.5)&#8220; background_color_gradient_end=&#8220;rgba(0,0,0,0)&#8220; background_image=&#8220;https:\/\/retreat.shaitubali.com\/wp-content\/uploads\/2024\/06\/mountain.jpg&#8220; custom_margin=&#8220;|||&#8220; custom_padding=&#8220;32px||8.2%||false|false&#8220; mix_blend_mode=&#8220;darken&#8220; global_colors_info=&#8220;{}&#8220;][et_pb_row _builder_version=&#8220;4.16&#8243; background_size=&#8220;initial&#8220; background_position=&#8220;top_left&#8220; background_repeat=&#8220;repeat&#8220; custom_padding=&#8220;127px|||||&#8220; global_colors_info=&#8220;{}&#8220;][et_pb_column type=&#8220;4_4&#8243; _builder_version=&#8220;4.16&#8243; custom_padding=&#8220;|||&#8220; global_colors_info=&#8220;{}&#8220; custom_padding__hover=&#8220;|||&#8220;][et_pb_text _builder_version=&#8220;4.24.3&#8243; _module_preset=&#8220;default&#8220; text_font=&#8220;|||on|||||&#8220; text_text_color=&#8220;#FFFFFF&#8220; text_font_size=&#8220;20px&#8220; text_line_height=&#8220;1.4em&#8220; header_2_font=&#8220;Recife Display Book||||||||&#8220; header_2_text_color=&#8220;#FFFFFF&#8220; header_2_font_size=&#8220;47px&#8220; header_2_line_height=&#8220;1.2em&#8220; custom_margin=&#8220;||40px|||&#8220; inline_fonts=&#8220;Source Sans Pro&#8220; global_colors_info=&#8220;{}&#8220;]<\/p>\n<p style=\"text-align: center;\">Was Yogananda im Himalaya entdeckte<\/p>\n<p>[\/et_pb_text][et_pb_text admin_label=&#8220;Title&#8220; _builder_version=&#8220;4.24.3&#8243; text_font=&#8220;Quattrocento||||||||&#8220; text_font_size=&#8220;22px&#8220; text_line_height=&#8220;1.4em&#8220; header_font=&#8220;Quattrocento|||on|||||&#8220; header_text_align=&#8220;center&#8220; header_font_size=&#8220;60px&#8220; header_letter_spacing=&#8220;6px&#8220; header_line_height=&#8220;1.3em&#8220; text_orientation=&#8220;center&#8220; background_layout=&#8220;dark&#8220; module_alignment=&#8220;center&#8220; animation_style=&#8220;slide&#8220; animation_direction=&#8220;top&#8220; animation_intensity_slide=&#8220;3%&#8220; animation_starting_opacity=&#8220;100%&#8220; header_font_size_tablet=&#8220;40px&#8220; header_font_size_phone=&#8220;&#8220; header_font_size_last_edited=&#8220;on|tablet&#8220; global_colors_info=&#8220;{}&#8220;]<\/p>\n<h2><span style=\"font-size: 50px;\"><\/span><\/h2>\n<h1>Hast du schonmal von Yogananda geh\u00f6rt?<\/h1>\n<p>[\/et_pb_text][\/et_pb_column][\/et_pb_row][\/et_pb_section][et_pb_section fb_built=&#8220;1&#8243; admin_label=&#8220;Featured Collections Section&#8220; _builder_version=&#8220;4.16&#8243; background_image=&#8220;https:\/\/retreat.shaitubali.com\/wp-content\/uploads\/2020\/05\/retreat-background-contact.jpg&#8220; background_position=&#8220;center_right&#8220; max_width=&#8220;80%&#8220; module_alignment=&#8220;center&#8220; custom_margin=&#8220;-6%|||&#8220; custom_padding=&#8220;24px||65px||false|false&#8220; animation_direction=&#8220;left&#8220; box_shadow_style=&#8220;preset3&#8243; box_shadow_vertical=&#8220;80px&#8220; box_shadow_blur=&#8220;120px&#8220; box_shadow_spread=&#8220;-60px&#8220; box_shadow_color=&#8220;rgba(63,63,31,0.3)&#8220; locked=&#8220;off&#8220; global_colors_info=&#8220;{}&#8220;][et_pb_row _builder_version=&#8220;4.24.3&#8243; _module_preset=&#8220;default&#8220; global_colors_info=&#8220;{}&#8220;][et_pb_column type=&#8220;4_4&#8243; _builder_version=&#8220;4.24.3&#8243; _module_preset=&#8220;default&#8220; global_colors_info=&#8220;{}&#8220;][et_pb_text _builder_version=&#8220;4.24.3&#8243; _module_preset=&#8220;default&#8220; global_colors_info=&#8220;{}&#8220;]<\/p>\n<p style=\"text-align: center;\"><strong>NUR F\u00dcR KURZE ZEIT FREI VERF\u00dcGBAR<\/strong><\/p>\n<p style=\"text-align: center;\"><strong><\/strong><\/p>\n<h2 style=\"text-align: center;\"><strong>Entdecke inneren Frieden und Resilienzmit dieser kostenfreien Bergmeditation<\/strong><\/h2>\n<p>[\/et_pb_text][\/et_pb_column][\/et_pb_row][et_pb_row column_structure=&#8220;1_2,1_2&#8243; module_id=&#8220;up&#8220; _builder_version=&#8220;4.24.3&#8243; custom_padding=&#8220;24px|0px|24px|0px|false|false&#8220; global_colors_info=&#8220;{}&#8220;][et_pb_column type=&#8220;1_2&#8243; _builder_version=&#8220;4.16&#8243; custom_padding=&#8220;|||&#8220; global_colors_info=&#8220;{}&#8220; custom_padding__hover=&#8220;|||&#8220;][et_pb_image src=&#8220;https:\/\/retreat.shaitubali.com\/wp-content\/uploads\/2024\/07\/Yogananda.jpg&#8220; title_text=&#8220;Yogananda&#8220; _builder_version=&#8220;4.24.3&#8243; _module_preset=&#8220;default&#8220; global_colors_info=&#8220;{}&#8220;][\/et_pb_image][\/et_pb_column][et_pb_column type=&#8220;1_2&#8243; _builder_version=&#8220;4.16&#8243; custom_padding=&#8220;|||&#8220; global_colors_info=&#8220;{}&#8220; custom_padding__hover=&#8220;|||&#8220;][et_pb_blurb use_icon=&#8220;on&#8220; font_icon=&#8220;&#x4e;||divi||400&#8243; icon_color=&#8220;#e09900&#8243; image_icon_background_color=&#8220;RGBA(255,255,255,0)&#8220; icon_placement=&#8220;left&#8220; _builder_version=&#8220;4.24.3&#8243; _module_preset=&#8220;default&#8220; header_font=&#8220;|600||on|||||&#8220; custom_margin=&#8220;2px||10px||false|false&#8220; custom_padding=&#8220;||12px||false|false&#8220; global_colors_info=&#8220;{}&#8220;]<\/p>\n<p>Eine kraftvolle 15-min\u00fctige Bergmeditation<\/p>\n<p>[\/et_pb_blurb][et_pb_blurb use_icon=&#8220;on&#8220; font_icon=&#8220;&#x4e;||divi||400&#8243; icon_color=&#8220;#e09900&#8243; image_icon_background_color=&#8220;RGBA(255,255,255,0)&#8220; icon_placement=&#8220;left&#8220; _builder_version=&#8220;4.24.3&#8243; _module_preset=&#8220;default&#8220; header_font=&#8220;|600||on|||||&#8220; custom_margin=&#8220;2px||10px||false|false&#8220; custom_padding=&#8220;||12px||false|false&#8220; global_colors_info=&#8220;{}&#8220;]<\/p>\n<p>Techniken, um inneren Frieden und Stabilit\u00e4t zu entwickeln<\/p>\n<p>[\/et_pb_blurb][et_pb_blurb use_icon=&#8220;on&#8220; font_icon=&#8220;&#x4e;||divi||400&#8243; icon_color=&#8220;#e09900&#8243; image_icon_background_color=&#8220;RGBA(255,255,255,0)&#8220; icon_placement=&#8220;left&#8220; _builder_version=&#8220;4.24.3&#8243; _module_preset=&#8220;default&#8220; header_font=&#8220;|600||on|||||&#8220; custom_margin=&#8220;2px||10px||false|false&#8220; custom_padding=&#8220;||12px||false|false&#8220; global_colors_info=&#8220;{}&#8220;]<\/p>\n<p>Einblicke in die Essenz, wahrer spiritueller Praxis<\/p>\n<p>[\/et_pb_blurb][et_pb_code _builder_version=&#8220;4.24.3&#8243; _module_preset=&#8220;default&#8220; global_colors_info=&#8220;{}&#8220;]<\/p>\n<div class=\"_form_67\"><\/div>\n<p><script src=\"https:\/\/activespirits.activehosted.com\/f\/embed.php?id=67\" charset=\"utf-8\"><\/script>[\/et_pb_code][\/et_pb_column][\/et_pb_row][et_pb_row _builder_version=&#8220;4.16&#8243; custom_padding=&#8220;24px|30px|24px|30px|false|false&#8220; global_colors_info=&#8220;{}&#8220;][et_pb_column type=&#8220;4_4&#8243; _builder_version=&#8220;4.16&#8243; custom_padding=&#8220;|||&#8220; global_colors_info=&#8220;{}&#8220; custom_padding__hover=&#8220;|||&#8220;][et_pb_text _builder_version=&#8220;4.24.3&#8243; _module_preset=&#8220;default&#8220; global_colors_info=&#8220;{}&#8220;]<\/p>\n<p>Es gibt eine inspirierende Geschichte aus seiner Autobiografie, die ich mit dir teilen m\u00f6chte, gemeinsam mit einem kleinen, passenden Geschenk.<\/p>\n<p>Dieser gro\u00dfe Yogi aus dem 20. Jahrhundert geh\u00f6rte zu den ersten, die Yoga aus Indien in den Westen brachten. Weltbekannt wurde er dabei insbesondere f\u00fcr die energetischen Meditationen des Kriya Yoga, die er als direktesten Weg zu wahrer Verwirklichung bezeichnete.<\/p>\n<p>Bereits als Kind zogen ihn die Berge des Himalayas magisch an.<\/p>\n<p>Und so brach er in seinem Leben insgesamt dreimal dorthin auf, um sein Leben der Entsagung und spiritueller Erleuchtung zu widmen.<\/p>\n<p>Das erste Mal lief er als Kind mit seinen zwei besten Freunden von zu Hause weg und stieg in einen Zug in Richtung Himalaya. Allerdings fing ihn sein Bruder an einem Bahnhof auf dem Weg ab und die Reise war beendet.<\/p>\n<p>Jahre sp\u00e4ter, auf seiner dritten Reise, als er endlich einem wahren Yogi begegnete, beendete dieser seine Besessenheit f\u00fcr den Himalaya in wenigen Worten:<\/p>\n<p><em><strong>\u201eJunger Yogi, vor was l\u00e4ufst du davon? Die Himalayas haben kein Monopol auf Gott. Was man im Innern nicht zu finden bem\u00fcht ist, kann man nicht entdecken, indem man den K\u00f6rper hin und her bewegt.\u201c<\/strong><\/em><\/p>\n<p>Das, was Yogananda in den Bergen zu finden hoffte, konnte er letztlich nur in sich entdecken.<\/p>\n<p>Gleichzeitig haben Berge etwas Erhabenes, sie strahlen eine Unersch\u00fctterlichkeit aus, eine Stabilit\u00e4t und Stille, die faszinierend sein kann.<\/p>\n<p>Und diese *Bergqualit\u00e4ten* bringen uns zum heutigen Geschenk:<\/p>\n<p>Als Einstimmung auf das Sommer Retreat \u201eDie Essenz des Yoga\u201c mit Shai Tubali und Esther Theruvel m\u00f6chte ich die kraftvolle Bergmeditation aus einer 21-Tage Challenge mit dir teilen.<\/p>\n<p>Sie ist ideal, um in uns eine unersch\u00fctterliche Pr\u00e4senz und Resilienz zu entwickeln. Damit ist eine gute Vorbereitung f\u00fcr das Retreat.<\/p>\n<p>Normalerweise ist sie nicht kostenfrei zug\u00e4nglich.<\/p>\n<p>Weil die Resonanz in unserem Newsletter so gro\u00df war, und \u00fcber 200 Menschen sich aktiv diese Meditation gew\u00fcnscht hatten, haben wir uns entschieden sie eine Woche l\u00e4nger, bis kommenden Freitag online zu lassen.<\/p>\n<p>Und ich freue mich sie auch hier mit dir zu teilen.<\/p>\n<p>[\/et_pb_text][\/et_pb_column][\/et_pb_row][et_pb_row _builder_version=&#8220;4.16&#8243; global_colors_info=&#8220;{}&#8220;][et_pb_column type=&#8220;4_4&#8243; _builder_version=&#8220;4.16&#8243; custom_padding=&#8220;|||&#8220; global_colors_info=&#8220;{}&#8220; custom_padding__hover=&#8220;|||&#8220;][et_pb_button button_url=&#8220;#up&#8220; button_text=&#8220;Jetzt deine kostenfreie Meditation sichern!&#8220; button_alignment=&#8220;center&#8220; _builder_version=&#8220;4.24.3&#8243; custom_button=&#8220;on&#8220; button_text_color=&#8220;#000000&#8243; button_bg_color=&#8220;#FFBF1E&#8220; button_border_width=&#8220;0px&#8220; button_icon=&#8220;&#x3d;||divi||400&#8243; button_icon_color=&#8220;#000000&#8243; box_shadow_style=&#8220;preset1&#8243; global_colors_info=&#8220;{}&#8220;][\/et_pb_button][\/et_pb_column][\/et_pb_row][\/et_pb_section][et_pb_section fb_built=&#8220;1&#8243; _builder_version=&#8220;4.16&#8243; global_colors_info=&#8220;{}&#8220;][et_pb_row _builder_version=&#8220;4.16&#8243; global_colors_info=&#8220;{}&#8220;][et_pb_column type=&#8220;4_4&#8243; _builder_version=&#8220;4.16&#8243; custom_padding=&#8220;|||&#8220; global_colors_info=&#8220;{}&#8220; custom_padding__hover=&#8220;|||&#8220;][et_pb_text _builder_version=&#8220;4.16&#8243; global_colors_info=&#8220;{}&#8220;]<\/p>\n<p style=\"text-align: center;\"><a href=\"https:\/\/retreat.shaitubali.com\/impressum\/\">Impressum<\/a>\u00a0| <a href=\"https:\/\/retreat.shaitubali.com\/privacy-policy\/\">Datenschutz<\/a><\/p>\n<p>[\/et_pb_text][\/et_pb_column][\/et_pb_row][\/et_pb_section]<\/p>\n","protected":false},"excerpt":{"rendered":"<p>Was Yogananda im Himalaya entdeckte Hast du schonmal von Yogananda geh\u00f6rt?NUR F\u00dcR KURZE ZEIT FREI VERF\u00dcGBAR Entdecke inneren Frieden und Resilienzmit dieser kostenfreien BergmeditationEine kraftvolle 15-min\u00fctige BergmeditationTechniken, um inneren Frieden und Stabilit\u00e4t zu entwickelnEinblicke in die Essenz, wahrer spiritueller PraxisEs gibt eine inspirierende Geschichte aus seiner Autobiografie, die ich mit dir teilen m\u00f6chte, gemeinsam mit [&hellip;]<\/p>\n","protected":false},"author":1,"featured_media":0,"parent":0,"menu_order":0,"comment_status":"closed","ping_status":"closed","template":"page-template-blank.php","meta":{"_et_pb_use_builder":"on","_et_pb_old_content":"","_et_gb_content_width":"","footnotes":""},"class_list":["post-4079","page","type-page","status-publish","hentry"],"yoast_head":"<!-- This site is optimized with the Yoast SEO plugin v27.4 - https:\/\/yoast.com\/product\/yoast-seo-wordpress\/ -->\n<title>[Gratis Meditation] Entdecke deinen inneren Berg - Stille Retreats mit Dr. Shai Tubali<\/title>\n<meta name=\"robots\" content=\"index, follow, max-snippet:-1, max-image-preview:large, max-video-preview:-1\" \/>\n<link rel=\"canonical\" href=\"https:\/\/retreat.shaitubali.com\/de\/free-mountain-meditation\/\" \/>\n<meta property=\"og:locale\" content=\"de_DE\" \/>\n<meta property=\"og:type\" content=\"article\" \/>\n<meta property=\"og:title\" content=\"[Gratis Meditation] Entdecke deinen inneren Berg - Stille Retreats mit Dr. Shai Tubali\" \/>\n<meta property=\"og:description\" content=\"Was Yogananda im Himalaya entdeckte Hast du schonmal von Yogananda geh\u00f6rt?NUR F\u00dcR KURZE ZEIT FREI VERF\u00dcGBAR Entdecke inneren Frieden und Resilienzmit dieser kostenfreien BergmeditationEine kraftvolle 15-min\u00fctige BergmeditationTechniken, um inneren Frieden und Stabilit\u00e4t zu entwickelnEinblicke in die Essenz, wahrer spiritueller PraxisEs gibt eine inspirierende Geschichte aus seiner Autobiografie, die ich mit dir teilen m\u00f6chte, gemeinsam mit [&hellip;]\" \/>\n<meta property=\"og:url\" content=\"https:\/\/retreat.shaitubali.com\/de\/free-mountain-meditation\/\" \/>\n<meta property=\"og:site_name\" content=\"Stille Retreats mit Dr. Shai Tubali\" \/>\n<meta property=\"article:modified_time\" content=\"2024-07-17T14:03:12+00:00\" \/>\n<meta name=\"twitter:card\" content=\"summary_large_image\" \/>\n<meta name=\"twitter:label1\" content=\"Gesch\u00e4tzte Lesezeit\" \/>\n\t<meta name=\"twitter:data1\" content=\"2\u00a0Minuten\" \/>\n<script type=\"application\/ld+json\" class=\"yoast-schema-graph\">{\"@context\":\"https:\\\/\\\/schema.org\",\"@graph\":[{\"@type\":\"WebPage\",\"@id\":\"https:\\\/\\\/retreat.shaitubali.com\\\/de\\\/free-mountain-meditation\\\/\",\"url\":\"https:\\\/\\\/retreat.shaitubali.com\\\/de\\\/free-mountain-meditation\\\/\",\"name\":\"[Gratis Meditation] Entdecke deinen inneren Berg - Stille Retreats mit Dr. Shai Tubali\",\"isPartOf\":{\"@id\":\"https:\\\/\\\/retreat.shaitubali.com\\\/#website\"},\"datePublished\":\"2024-07-17T13:18:59+00:00\",\"dateModified\":\"2024-07-17T14:03:12+00:00\",\"breadcrumb\":{\"@id\":\"https:\\\/\\\/retreat.shaitubali.com\\\/de\\\/free-mountain-meditation\\\/#breadcrumb\"},\"inLanguage\":\"de\",\"potentialAction\":[{\"@type\":\"ReadAction\",\"target\":[\"https:\\\/\\\/retreat.shaitubali.com\\\/de\\\/free-mountain-meditation\\\/\"]}]},{\"@type\":\"BreadcrumbList\",\"@id\":\"https:\\\/\\\/retreat.shaitubali.com\\\/de\\\/free-mountain-meditation\\\/#breadcrumb\",\"itemListElement\":[{\"@type\":\"ListItem\",\"position\":1,\"name\":\"Home\",\"item\":\"https:\\\/\\\/retreat.shaitubali.com\\\/de\\\/summer-retreat-2026\\\/\"},{\"@type\":\"ListItem\",\"position\":2,\"name\":\"[Gratis Meditation] Entdecke deinen inneren Berg\"}]},{\"@type\":\"WebSite\",\"@id\":\"https:\\\/\\\/retreat.shaitubali.com\\\/#website\",\"url\":\"https:\\\/\\\/retreat.shaitubali.com\\\/\",\"name\":\"Stille Retreats mit Dr. Shai Tubali\",\"description\":\"The Essence of Yoga\",\"potentialAction\":[{\"@type\":\"SearchAction\",\"target\":{\"@type\":\"EntryPoint\",\"urlTemplate\":\"https:\\\/\\\/retreat.shaitubali.com\\\/?s={search_term_string}\"},\"query-input\":{\"@type\":\"PropertyValueSpecification\",\"valueRequired\":true,\"valueName\":\"search_term_string\"}}],\"inLanguage\":\"de\"}]}<\/script>\n<!-- \/ Yoast SEO plugin. -->","yoast_head_json":{"title":"[Gratis Meditation] Entdecke deinen inneren Berg - Stille Retreats mit Dr. Shai Tubali","robots":{"index":"index","follow":"follow","max-snippet":"max-snippet:-1","max-image-preview":"max-image-preview:large","max-video-preview":"max-video-preview:-1"},"canonical":"https:\/\/retreat.shaitubali.com\/de\/free-mountain-meditation\/","og_locale":"de_DE","og_type":"article","og_title":"[Gratis Meditation] Entdecke deinen inneren Berg - Stille Retreats mit Dr. Shai Tubali","og_description":"Was Yogananda im Himalaya entdeckte Hast du schonmal von Yogananda geh\u00f6rt?NUR F\u00dcR KURZE ZEIT FREI VERF\u00dcGBAR Entdecke inneren Frieden und Resilienzmit dieser kostenfreien BergmeditationEine kraftvolle 15-min\u00fctige BergmeditationTechniken, um inneren Frieden und Stabilit\u00e4t zu entwickelnEinblicke in die Essenz, wahrer spiritueller PraxisEs gibt eine inspirierende Geschichte aus seiner Autobiografie, die ich mit dir teilen m\u00f6chte, gemeinsam mit [&hellip;]","og_url":"https:\/\/retreat.shaitubali.com\/de\/free-mountain-meditation\/","og_site_name":"Stille Retreats mit Dr. Shai Tubali","article_modified_time":"2024-07-17T14:03:12+00:00","twitter_card":"summary_large_image","twitter_misc":{"Gesch\u00e4tzte Lesezeit":"2\u00a0Minuten"},"schema":{"@context":"https:\/\/schema.org","@graph":[{"@type":"WebPage","@id":"https:\/\/retreat.shaitubali.com\/de\/free-mountain-meditation\/","url":"https:\/\/retreat.shaitubali.com\/de\/free-mountain-meditation\/","name":"[Gratis Meditation] Entdecke deinen inneren Berg - Stille Retreats mit Dr. Shai Tubali","isPartOf":{"@id":"https:\/\/retreat.shaitubali.com\/#website"},"datePublished":"2024-07-17T13:18:59+00:00","dateModified":"2024-07-17T14:03:12+00:00","breadcrumb":{"@id":"https:\/\/retreat.shaitubali.com\/de\/free-mountain-meditation\/#breadcrumb"},"inLanguage":"de","potentialAction":[{"@type":"ReadAction","target":["https:\/\/retreat.shaitubali.com\/de\/free-mountain-meditation\/"]}]},{"@type":"BreadcrumbList","@id":"https:\/\/retreat.shaitubali.com\/de\/free-mountain-meditation\/#breadcrumb","itemListElement":[{"@type":"ListItem","position":1,"name":"Home","item":"https:\/\/retreat.shaitubali.com\/de\/summer-retreat-2026\/"},{"@type":"ListItem","position":2,"name":"[Gratis Meditation] Entdecke deinen inneren Berg"}]},{"@type":"WebSite","@id":"https:\/\/retreat.shaitubali.com\/#website","url":"https:\/\/retreat.shaitubali.com\/","name":"Stille Retreats mit Dr. Shai Tubali","description":"The Essence of Yoga","potentialAction":[{"@type":"SearchAction","target":{"@type":"EntryPoint","urlTemplate":"https:\/\/retreat.shaitubali.com\/?s={search_term_string}"},"query-input":{"@type":"PropertyValueSpecification","valueRequired":true,"valueName":"search_term_string"}}],"inLanguage":"de"}]}},"_links":{"self":[{"href":"https:\/\/retreat.shaitubali.com\/de\/wp-json\/wp\/v2\/pages\/4079","targetHints":{"allow":["GET"]}}],"collection":[{"href":"https:\/\/retreat.shaitubali.com\/de\/wp-json\/wp\/v2\/pages"}],"about":[{"href":"https:\/\/retreat.shaitubali.com\/de\/wp-json\/wp\/v2\/types\/page"}],"author":[{"embeddable":true,"href":"https:\/\/retreat.shaitubali.com\/de\/wp-json\/wp\/v2\/users\/1"}],"replies":[{"embeddable":true,"href":"https:\/\/retreat.shaitubali.com\/de\/wp-json\/wp\/v2\/comments?post=4079"}],"version-history":[{"count":4,"href":"https:\/\/retreat.shaitubali.com\/de\/wp-json\/wp\/v2\/pages\/4079\/revisions"}],"predecessor-version":[{"id":4091,"href":"https:\/\/retreat.shaitubali.com\/de\/wp-json\/wp\/v2\/pages\/4079\/revisions\/4091"}],"wp:attachment":[{"href":"https:\/\/retreat.shaitubali.com\/de\/wp-json\/wp\/v2\/media?parent=4079"}],"curies":[{"name":"wp","href":"https:\/\/api.w.org\/{rel}","templated":true}]}}