{"id":2352,"date":"2020-12-14T14:11:57","date_gmt":"2020-12-14T13:11:57","guid":{"rendered":"https:\/\/retreat.shaitubali.com\/mahamudra\/emptiness\/"},"modified":"2020-12-14T18:45:07","modified_gmt":"2020-12-14T17:45:07","slug":"emptiness","status":"publish","type":"page","link":"https:\/\/retreat.shaitubali.com\/de\/mahamudra\/emptiness\/","title":{"rendered":"Leeheit: die Dinge sehen, wie sie sind"},"content":{"rendered":"<p>[et_pb_section fb_built=&#8220;1&#8243; inner_shadow=&#8220;on&#8220; admin_label=&#8220;Hero Section&#8220; _builder_version=&#8220;4.4.9&#8243; background_color=&#8220;rgba(0,0,0,0.38)&#8220; use_background_color_gradient=&#8220;on&#8220; background_color_gradient_start=&#8220;rgba(0,0,0,0.5)&#8220; background_color_gradient_end=&#8220;rgba(0,0,0,0)&#8220; background_color_gradient_overlays_image=&#8220;on&#8220; background_image=&#8220;https:\/\/retreat.shaitubali.com\/wp-content\/uploads\/2020\/12\/Winter-Retreat-Banner-background2.jpg&#8220; background_blend=&#8220;darken&#8220; custom_margin=&#8220;|||&#8220; custom_padding=&#8220;32px||8.2%||false|false&#8220; mix_blend_mode=&#8220;darken&#8220;][et_pb_row _builder_version=&#8220;3.25&#8243; background_color=&#8220;rgba(0,0,0,0.12)&#8220; module_alignment=&#8220;center&#8220; custom_padding=&#8220;0|0px|0|0px|false|false&#8220;][et_pb_column type=&#8220;4_4&#8243; _builder_version=&#8220;3.25&#8243; custom_padding=&#8220;|||&#8220; custom_padding__hover=&#8220;|||&#8220;][et_pb_text _builder_version=&#8220;3.27.4&#8243; text_font=&#8220;||||||||&#8220; text_orientation=&#8220;center&#8220;]\n<div role=\"navigation\" aria-label=\"Sprachwechsler\" class=\"wpml-ls-statics-shortcode_actions wpml-ls wpml-ls-legacy-list-horizontal\">\n\t<ul><li class=\"wpml-ls-slot-shortcode_actions wpml-ls-item wpml-ls-item-en wpml-ls-first-item wpml-ls-last-item wpml-ls-item-legacy-list-horizontal\">\n\t\t\t\t<a href=\"https:\/\/retreat.shaitubali.com\/\" hreflang=\"en\" lang=\"en\" class=\"wpml-ls-link\" aria-label=\"Wechseln zu English\" title=\"Wechseln zu English\">\n\t\t\t\t\t                                    <img decoding=\"async\"\n            class=\"wpml-ls-flag\"\n            src=\"https:\/\/retreat.shaitubali.com\/wp-content\/plugins\/sitepress-multilingual-cms\/res\/flags\/en.png\"\n            alt=\"\"\n            loading=\"lazy\"\n            width=18\n            height=12\n    \/><span class=\"wpml-ls-native\">English<\/span><\/a>\n\t\t\t<\/li><\/ul>\n<\/div>\n<br \/>\n[\/et_pb_text][\/et_pb_column][\/et_pb_row][et_pb_row _builder_version=&#8220;3.25&#8243; background_size=&#8220;initial&#8220; background_position=&#8220;top_left&#8220; background_repeat=&#8220;repeat&#8220; custom_padding=&#8220;67px|||||&#8220;][et_pb_column type=&#8220;4_4&#8243; _builder_version=&#8220;3.25&#8243; custom_padding=&#8220;|||&#8220; custom_padding__hover=&#8220;|||&#8220;][et_pb_text admin_label=&#8220;Title&#8220; _builder_version=&#8220;3.27.4&#8243; text_font=&#8220;Quattrocento||||||||&#8220; text_font_size=&#8220;22px&#8220; text_line_height=&#8220;1.4em&#8220; header_font=&#8220;Quattrocento|||on|||||&#8220; header_text_align=&#8220;center&#8220; header_font_size=&#8220;80px&#8220; header_letter_spacing=&#8220;6px&#8220; header_line_height=&#8220;1.4em&#8220; text_orientation=&#8220;center&#8220; background_layout=&#8220;dark&#8220; max_width=&#8220;800px&#8220; module_alignment=&#8220;center&#8220; animation_style=&#8220;slide&#8220; animation_direction=&#8220;top&#8220; animation_intensity_slide=&#8220;3%&#8220; animation_starting_opacity=&#8220;100%&#8220; header_font_size_tablet=&#8220;40px&#8220; header_font_size_phone=&#8220;&#8220; header_font_size_last_edited=&#8220;on|tablet&#8220;]<\/p>\n<h2><span style=\"font-size: 50px;\">Die Dinge sehen, Wie sie sind<\/span><\/h2>\n<p>[\/et_pb_text][\/et_pb_column][\/et_pb_row][\/et_pb_section][et_pb_section fb_built=&#8220;1&#8243; admin_label=&#8220;Featured Collections Section&#8220; _builder_version=&#8220;3.22&#8243; background_image=&#8220;https:\/\/retreat.shaitubali.com\/wp-content\/uploads\/2020\/05\/retreat-background-contact.jpg&#8220; background_position=&#8220;center_right&#8220; max_width=&#8220;80%&#8220; module_alignment=&#8220;center&#8220; custom_margin=&#8220;-6%|||&#8220; custom_padding=&#8220;24px||65px||false|false&#8220; animation_direction=&#8220;left&#8220; box_shadow_style=&#8220;preset3&#8243; box_shadow_vertical=&#8220;80px&#8220; box_shadow_blur=&#8220;120px&#8220; box_shadow_spread=&#8220;-60px&#8220; box_shadow_color=&#8220;rgba(63,63,31,0.3)&#8220; locked=&#8220;off&#8220;][et_pb_row _builder_version=&#8220;4.4.7&#8243; custom_padding=&#8220;24px|0px|24px|0px|false|false&#8220;][et_pb_column type=&#8220;4_4&#8243; _builder_version=&#8220;3.25&#8243; custom_padding=&#8220;|||&#8220; custom_padding__hover=&#8220;|||&#8220;][et_pb_video src=&#8220;https:\/\/vimeo.com\/490832769&#8243; src_webm=&#8220;https:\/\/vimeo.com\/277074780&#8243; _builder_version=&#8220;4.7.6&#8243; hover_enabled=&#8220;0&#8243; sticky_enabled=&#8220;0&#8243;][\/et_pb_video][\/et_pb_column][\/et_pb_row][et_pb_row column_structure=&#8220;1_5,3_5,1_5&#8243; _builder_version=&#8220;4.4.8&#8243; custom_margin=&#8220;|auto|-4px|auto||&#8220; custom_padding=&#8220;||3px|||&#8220;][et_pb_column type=&#8220;1_5&#8243; _builder_version=&#8220;4.4.8&#8243;][\/et_pb_column][et_pb_column type=&#8220;3_5&#8243; _builder_version=&#8220;4.4.8&#8243;][\/et_pb_column][et_pb_column type=&#8220;1_5&#8243; _builder_version=&#8220;4.4.8&#8243;][\/et_pb_column][\/et_pb_row][et_pb_row column_structure=&#8220;1_5,3_5,1_5&#8243; _builder_version=&#8220;4.4.8&#8243; custom_margin=&#8220;-6px|auto||auto||&#8220;][et_pb_column type=&#8220;1_5&#8243; _builder_version=&#8220;4.4.8&#8243;][\/et_pb_column][et_pb_column type=&#8220;3_5&#8243; _builder_version=&#8220;4.4.8&#8243;][et_pb_text _builder_version=&#8220;4.4.8&#8243;]<\/p>\n<h3 style=\"text-align: center;\"><em><strong>Mahamudra<\/strong> &#8211; Die endg\u00fcltige Verwirklichung<\/em><\/h3>\n<p>&nbsp;<\/p>\n<p>Das Winter Stille Retreat, das auch eine Einweihung in das neue Jahr und eine alternative Feier von Weihnachten sein wird, wird ganz dem vollst\u00e4ndigen Verst\u00e4ndnis und der Erfahrung des Mahamudra gewidmet sein \u2013 der h\u00f6chsten Lehre und Praxis der buddhistischen Kagy\u00fc-Linie, die mit dem gro\u00dfen Meister Tilopa und seinem bekannten Sch\u00fcler Naropa begann.<\/p>\n<p>Das<span>\u00a0<\/span><strong><em>Mahamudra<\/em><span>\u00a0<\/span><\/strong>ist die endg\u00fcltige Verwirklichung der Natur des Geistes. Es wurde in einem wundersch\u00f6nen und doch geheimnisvollen langen Gedicht \u2013 dem Ganges-Mahamudra \u2013 vermittelt, das Tilopa an Naropa weitergab.<\/p>\n<p>\u00a0Das Retreat findet in K\u00fcrze statt.<\/p>\n<p>\u00a028. Dezember 2020 \u2013 3. Januar 2021.<\/p>\n<p><em><\/em><\/p>\n<p>[\/et_pb_text][\/et_pb_column][et_pb_column type=&#8220;1_5&#8243; _builder_version=&#8220;4.4.8&#8243;][\/et_pb_column][\/et_pb_row][et_pb_row _builder_version=&#8220;3.25&#8243;][et_pb_column type=&#8220;4_4&#8243; _builder_version=&#8220;3.25&#8243; custom_padding=&#8220;|||&#8220; custom_padding__hover=&#8220;|||&#8220;][et_pb_button button_url=&#8220;https:\/\/shaitubali.com\/de\/mahamudra-winter-stille-retreat\/&#8220; button_text=&#8220;Ja, ich will dabei sein&#8220; button_alignment=&#8220;center&#8220; _builder_version=&#8220;4.7.6&#8243; custom_button=&#8220;on&#8220; button_text_color=&#8220;#000000&#8243; button_bg_color=&#8220;#FFBF1E&#8220; button_border_width=&#8220;0px&#8220; button_icon=&#8220;%%28%%&#8220; button_icon_color=&#8220;#000000&#8243; box_shadow_style=&#8220;preset1&#8243;][\/et_pb_button][\/et_pb_column][\/et_pb_row][\/et_pb_section][et_pb_section fb_built=&#8220;1&#8243; _builder_version=&#8220;3.22&#8243;][et_pb_row _builder_version=&#8220;3.25&#8243;][et_pb_column type=&#8220;4_4&#8243; _builder_version=&#8220;3.25&#8243; custom_padding=&#8220;|||&#8220; custom_padding__hover=&#8220;|||&#8220;][et_pb_text _builder_version=&#8220;4.4.7&#8243;]<\/p>\n<p style=\"text-align: center;\"><a href=\"https:\/\/retreat.shaitubali.com\/impressum\/\">Impressum<\/a>\u00a0| <a href=\"https:\/\/retreat.shaitubali.com\/privacy-policy\/\">Datenschutz<\/a><\/p>\n<p>[\/et_pb_text][\/et_pb_column][\/et_pb_row][\/et_pb_section]<\/p>\n","protected":false},"excerpt":{"rendered":"<p>\n<div role=\"navigation\" aria-label=\"Sprachwechsler\" class=\"wpml-ls-statics-shortcode_actions wpml-ls wpml-ls-legacy-list-horizontal\">\n\t<ul><li class=\"wpml-ls-slot-shortcode_actions wpml-ls-item wpml-ls-item-en wpml-ls-first-item wpml-ls-last-item wpml-ls-item-legacy-list-horizontal\">\n\t\t\t\t<a href=\"https:\/\/retreat.shaitubali.com\/\" hreflang=\"en\" lang=\"en\" class=\"wpml-ls-link\" aria-label=\"Wechseln zu English\" title=\"Wechseln zu English\">\n\t\t\t\t\t                                    <img decoding=\"async\"\n            class=\"wpml-ls-flag\"\n            src=\"https:\/\/retreat.shaitubali.com\/wp-content\/plugins\/sitepress-multilingual-cms\/res\/flags\/en.png\"\n            alt=\"\"\n            loading=\"lazy\"\n            width=18\n            height=12\n    \/><span class=\"wpml-ls-native\">English<\/span><\/a>\n\t\t\t<\/li><\/ul>\n<\/div>\n Die Dinge sehen, Wie sie sindMahamudra &#8211; Die endg\u00fcltige Verwirklichung &nbsp; Das Winter Stille Retreat, das auch eine Einweihung in das neue Jahr und eine alternative Feier von Weihnachten sein wird, wird ganz dem vollst\u00e4ndigen Verst\u00e4ndnis und der Erfahrung des Mahamudra gewidmet sein \u2013 der h\u00f6chsten Lehre und Praxis der buddhistischen Kagy\u00fc-Linie, die mit [&hellip;]<\/p>\n","protected":false},"author":1,"featured_media":0,"parent":2344,"menu_order":0,"comment_status":"closed","ping_status":"closed","template":"page-template-blank.php","meta":{"_et_pb_use_builder":"on","_et_pb_old_content":"","_et_gb_content_width":"","footnotes":""},"class_list":["post-2352","page","type-page","status-publish","hentry"],"yoast_head":"<!-- This site is optimized with the Yoast SEO plugin v27.4 - https:\/\/yoast.com\/product\/yoast-seo-wordpress\/ -->\n<title>Leeheit: die Dinge sehen, wie sie sind - Stille Retreats mit Dr. Shai Tubali<\/title>\n<meta name=\"robots\" content=\"index, follow, max-snippet:-1, max-image-preview:large, max-video-preview:-1\" \/>\n<link rel=\"canonical\" href=\"https:\/\/retreat.shaitubali.com\/mahamudra\/emptiness\/\" \/>\n<meta property=\"og:locale\" content=\"de_DE\" \/>\n<meta property=\"og:type\" content=\"article\" \/>\n<meta property=\"og:title\" content=\"Leeheit: die Dinge sehen, wie sie sind - Stille Retreats mit Dr. Shai Tubali\" \/>\n<meta property=\"og:description\" content=\"Die Dinge sehen, Wie sie sindMahamudra - Die endg\u00fcltige Verwirklichung &nbsp; Das Winter Stille Retreat, das auch eine Einweihung in das neue Jahr und eine alternative Feier von Weihnachten sein wird, wird ganz dem vollst\u00e4ndigen Verst\u00e4ndnis und der Erfahrung des Mahamudra gewidmet sein \u2013 der h\u00f6chsten Lehre und Praxis der buddhistischen Kagy\u00fc-Linie, die mit [&hellip;]\" \/>\n<meta property=\"og:url\" content=\"https:\/\/retreat.shaitubali.com\/mahamudra\/emptiness\/\" \/>\n<meta property=\"og:site_name\" content=\"Stille Retreats mit Dr. Shai Tubali\" \/>\n<meta property=\"article:modified_time\" content=\"2020-12-14T17:45:07+00:00\" \/>\n<meta name=\"twitter:card\" content=\"summary_large_image\" \/>\n<meta name=\"twitter:label1\" content=\"Gesch\u00e4tzte Lesezeit\" \/>\n\t<meta name=\"twitter:data1\" content=\"3\u00a0Minuten\" \/>\n<script type=\"application\/ld+json\" class=\"yoast-schema-graph\">{\"@context\":\"https:\\\/\\\/schema.org\",\"@graph\":[{\"@type\":\"WebPage\",\"@id\":\"https:\\\/\\\/retreat.shaitubali.com\\\/mahamudra\\\/emptiness\\\/\",\"url\":\"https:\\\/\\\/retreat.shaitubali.com\\\/mahamudra\\\/emptiness\\\/\",\"name\":\"Leeheit: die Dinge sehen, wie sie sind - Stille Retreats mit Dr. Shai Tubali\",\"isPartOf\":{\"@id\":\"https:\\\/\\\/retreat.shaitubali.com\\\/#website\"},\"datePublished\":\"2020-12-14T13:11:57+00:00\",\"dateModified\":\"2020-12-14T17:45:07+00:00\",\"breadcrumb\":{\"@id\":\"https:\\\/\\\/retreat.shaitubali.com\\\/mahamudra\\\/emptiness\\\/#breadcrumb\"},\"inLanguage\":\"de\",\"potentialAction\":[{\"@type\":\"ReadAction\",\"target\":[\"https:\\\/\\\/retreat.shaitubali.com\\\/mahamudra\\\/emptiness\\\/\"]}]},{\"@type\":\"BreadcrumbList\",\"@id\":\"https:\\\/\\\/retreat.shaitubali.com\\\/mahamudra\\\/emptiness\\\/#breadcrumb\",\"itemListElement\":[{\"@type\":\"ListItem\",\"position\":1,\"name\":\"Home\",\"item\":\"https:\\\/\\\/retreat.shaitubali.com\\\/de\\\/summer-retreat-2026\\\/\"},{\"@type\":\"ListItem\",\"position\":2,\"name\":\"Mahamudra\",\"item\":\"https:\\\/\\\/retreat.shaitubali.com\\\/mahamudra\\\/\"},{\"@type\":\"ListItem\",\"position\":3,\"name\":\"Leeheit: die Dinge sehen, wie sie sind\"}]},{\"@type\":\"WebSite\",\"@id\":\"https:\\\/\\\/retreat.shaitubali.com\\\/#website\",\"url\":\"https:\\\/\\\/retreat.shaitubali.com\\\/\",\"name\":\"Stille Retreats mit Dr. Shai Tubali\",\"description\":\"The Essence of Yoga\",\"potentialAction\":[{\"@type\":\"SearchAction\",\"target\":{\"@type\":\"EntryPoint\",\"urlTemplate\":\"https:\\\/\\\/retreat.shaitubali.com\\\/?s={search_term_string}\"},\"query-input\":{\"@type\":\"PropertyValueSpecification\",\"valueRequired\":true,\"valueName\":\"search_term_string\"}}],\"inLanguage\":\"de\"}]}<\/script>\n<!-- \/ Yoast SEO plugin. -->","yoast_head_json":{"title":"Leeheit: die Dinge sehen, wie sie sind - Stille Retreats mit Dr. Shai Tubali","robots":{"index":"index","follow":"follow","max-snippet":"max-snippet:-1","max-image-preview":"max-image-preview:large","max-video-preview":"max-video-preview:-1"},"canonical":"https:\/\/retreat.shaitubali.com\/mahamudra\/emptiness\/","og_locale":"de_DE","og_type":"article","og_title":"Leeheit: die Dinge sehen, wie sie sind - Stille Retreats mit Dr. Shai Tubali","og_description":"Die Dinge sehen, Wie sie sindMahamudra - Die endg\u00fcltige Verwirklichung &nbsp; Das Winter Stille Retreat, das auch eine Einweihung in das neue Jahr und eine alternative Feier von Weihnachten sein wird, wird ganz dem vollst\u00e4ndigen Verst\u00e4ndnis und der Erfahrung des Mahamudra gewidmet sein \u2013 der h\u00f6chsten Lehre und Praxis der buddhistischen Kagy\u00fc-Linie, die mit [&hellip;]","og_url":"https:\/\/retreat.shaitubali.com\/mahamudra\/emptiness\/","og_site_name":"Stille Retreats mit Dr. Shai Tubali","article_modified_time":"2020-12-14T17:45:07+00:00","twitter_card":"summary_large_image","twitter_misc":{"Gesch\u00e4tzte Lesezeit":"3\u00a0Minuten"},"schema":{"@context":"https:\/\/schema.org","@graph":[{"@type":"WebPage","@id":"https:\/\/retreat.shaitubali.com\/mahamudra\/emptiness\/","url":"https:\/\/retreat.shaitubali.com\/mahamudra\/emptiness\/","name":"Leeheit: die Dinge sehen, wie sie sind - Stille Retreats mit Dr. Shai Tubali","isPartOf":{"@id":"https:\/\/retreat.shaitubali.com\/#website"},"datePublished":"2020-12-14T13:11:57+00:00","dateModified":"2020-12-14T17:45:07+00:00","breadcrumb":{"@id":"https:\/\/retreat.shaitubali.com\/mahamudra\/emptiness\/#breadcrumb"},"inLanguage":"de","potentialAction":[{"@type":"ReadAction","target":["https:\/\/retreat.shaitubali.com\/mahamudra\/emptiness\/"]}]},{"@type":"BreadcrumbList","@id":"https:\/\/retreat.shaitubali.com\/mahamudra\/emptiness\/#breadcrumb","itemListElement":[{"@type":"ListItem","position":1,"name":"Home","item":"https:\/\/retreat.shaitubali.com\/de\/summer-retreat-2026\/"},{"@type":"ListItem","position":2,"name":"Mahamudra","item":"https:\/\/retreat.shaitubali.com\/mahamudra\/"},{"@type":"ListItem","position":3,"name":"Leeheit: die Dinge sehen, wie sie sind"}]},{"@type":"WebSite","@id":"https:\/\/retreat.shaitubali.com\/#website","url":"https:\/\/retreat.shaitubali.com\/","name":"Stille Retreats mit Dr. Shai Tubali","description":"The Essence of Yoga","potentialAction":[{"@type":"SearchAction","target":{"@type":"EntryPoint","urlTemplate":"https:\/\/retreat.shaitubali.com\/?s={search_term_string}"},"query-input":{"@type":"PropertyValueSpecification","valueRequired":true,"valueName":"search_term_string"}}],"inLanguage":"de"}]}},"_links":{"self":[{"href":"https:\/\/retreat.shaitubali.com\/de\/wp-json\/wp\/v2\/pages\/2352","targetHints":{"allow":["GET"]}}],"collection":[{"href":"https:\/\/retreat.shaitubali.com\/de\/wp-json\/wp\/v2\/pages"}],"about":[{"href":"https:\/\/retreat.shaitubali.com\/de\/wp-json\/wp\/v2\/types\/page"}],"author":[{"embeddable":true,"href":"https:\/\/retreat.shaitubali.com\/de\/wp-json\/wp\/v2\/users\/1"}],"replies":[{"embeddable":true,"href":"https:\/\/retreat.shaitubali.com\/de\/wp-json\/wp\/v2\/comments?post=2352"}],"version-history":[{"count":7,"href":"https:\/\/retreat.shaitubali.com\/de\/wp-json\/wp\/v2\/pages\/2352\/revisions"}],"predecessor-version":[{"id":2364,"href":"https:\/\/retreat.shaitubali.com\/de\/wp-json\/wp\/v2\/pages\/2352\/revisions\/2364"}],"up":[{"embeddable":true,"href":"https:\/\/retreat.shaitubali.com\/de\/wp-json\/wp\/v2\/pages\/2344"}],"wp:attachment":[{"href":"https:\/\/retreat.shaitubali.com\/de\/wp-json\/wp\/v2\/media?parent=2352"}],"curies":[{"name":"wp","href":"https:\/\/api.w.org\/{rel}","templated":true}]}}