{"id":2203,"date":"2020-06-08T13:14:41","date_gmt":"2020-06-08T11:14:41","guid":{"rendered":"https:\/\/retreat.shaitubali.com\/vehicle-of-enlightenment\/"},"modified":"2023-03-05T23:43:20","modified_gmt":"2023-03-05T22:43:20","slug":"vehicle-of-enlightenment","status":"publish","type":"page","link":"https:\/\/retreat.shaitubali.com\/de\/vehicle-of-enlightenment\/","title":{"rendered":"Das Gef\u00e4hrt der Erleuchtung"},"content":{"rendered":"<p>[et_pb_section fb_built=&#8220;1&#8243; inner_shadow=&#8220;on&#8220; admin_label=&#8220;Hero Section&#8220; _builder_version=&#8220;4.16&#8243; background_color=&#8220;rgba(0,0,0,0.38)&#8220; use_background_color_gradient=&#8220;on&#8220; background_color_gradient_stops=&#8220;rgba(0,0,0,0.5) 0%|rgba(0,0,0,0) 100%&#8220; background_color_gradient_overlays_image=&#8220;on&#8220; background_color_gradient_start=&#8220;rgba(0,0,0,0.5)&#8220; background_color_gradient_end=&#8220;rgba(0,0,0,0)&#8220; background_image=&#8220;https:\/\/retreat.shaitubali.com\/wp-content\/uploads\/2020\/05\/inner-fire-awakening-retreat-shai-tubali.jpg&#8220; background_blend=&#8220;darken&#8220; custom_margin=&#8220;|||&#8220; custom_padding=&#8220;32px||8.2%||false|false&#8220; mix_blend_mode=&#8220;darken&#8220; global_colors_info=&#8220;{}&#8220;][et_pb_row _builder_version=&#8220;4.16&#8243; background_color=&#8220;rgba(0,0,0,0.12)&#8220; module_alignment=&#8220;center&#8220; custom_padding=&#8220;0|0px|0|0px|false|false&#8220; global_colors_info=&#8220;{}&#8220;][et_pb_column type=&#8220;4_4&#8243; _builder_version=&#8220;4.16&#8243; custom_padding=&#8220;|||&#8220; global_colors_info=&#8220;{}&#8220; custom_padding__hover=&#8220;|||&#8220;][et_pb_text _builder_version=&#8220;4.16&#8243; text_font=&#8220;||||||||&#8220; text_orientation=&#8220;center&#8220; global_colors_info=&#8220;{}&#8220;]\n<div class=\"wpml-ls-statics-shortcode_actions wpml-ls wpml-ls-legacy-list-horizontal\">\n\t<ul role=\"menu\"><li class=\"wpml-ls-slot-shortcode_actions wpml-ls-item wpml-ls-item-en wpml-ls-first-item wpml-ls-last-item wpml-ls-item-legacy-list-horizontal\" role=\"none\">\n\t\t\t\t<a href=\"https:\/\/retreat.shaitubali.com\/\" class=\"wpml-ls-link\" role=\"menuitem\"  aria-label=\"Zu English wechseln\" title=\"Zu English wechseln\" >\n                                                        <img decoding=\"async\"\n            class=\"wpml-ls-flag\"\n            src=\"https:\/\/retreat.shaitubali.com\/wp-content\/plugins\/sitepress-multilingual-cms\/res\/flags\/en.png\"\n            alt=\"\"\n            width=18\n            height=12\n    \/><span class=\"wpml-ls-native\" lang=\"en\">English<\/span><\/a>\n\t\t\t<\/li><\/ul>\n<\/div>\n<br \/>\n[\/et_pb_text][\/et_pb_column][\/et_pb_row][et_pb_row _builder_version=&#8220;4.16&#8243; background_size=&#8220;initial&#8220; background_position=&#8220;top_left&#8220; background_repeat=&#8220;repeat&#8220; custom_padding=&#8220;127px|||||&#8220; global_colors_info=&#8220;{}&#8220;][et_pb_column type=&#8220;4_4&#8243; _builder_version=&#8220;4.16&#8243; custom_padding=&#8220;|||&#8220; global_colors_info=&#8220;{}&#8220; custom_padding__hover=&#8220;|||&#8220;][et_pb_text admin_label=&#8220;Title&#8220; _builder_version=&#8220;4.16&#8243; text_font=&#8220;Quattrocento||||||||&#8220; text_font_size=&#8220;22px&#8220; text_line_height=&#8220;1.4em&#8220; header_font=&#8220;Quattrocento|||on|||||&#8220; header_text_align=&#8220;center&#8220; header_font_size=&#8220;80px&#8220; header_letter_spacing=&#8220;6px&#8220; header_line_height=&#8220;1.4em&#8220; text_orientation=&#8220;center&#8220; background_layout=&#8220;dark&#8220; max_width=&#8220;800px&#8220; module_alignment=&#8220;center&#8220; animation_style=&#8220;slide&#8220; animation_direction=&#8220;top&#8220; animation_intensity_slide=&#8220;3%&#8220; animation_starting_opacity=&#8220;100%&#8220; header_font_size_tablet=&#8220;40px&#8220; header_font_size_phone=&#8220;&#8220; header_font_size_last_edited=&#8220;on|tablet&#8220; global_colors_info=&#8220;{}&#8220;]<\/p>\n<h2><span style=\"font-size: 50px;\">Das Gef\u00e4hrt der Erleuchtung<\/span><\/h2>\n<p>[\/et_pb_text][\/et_pb_column][\/et_pb_row][\/et_pb_section][et_pb_section fb_built=&#8220;1&#8243; admin_label=&#8220;Featured Collections Section&#8220; _builder_version=&#8220;4.16&#8243; background_image=&#8220;https:\/\/retreat.shaitubali.com\/wp-content\/uploads\/2020\/05\/retreat-background-contact.jpg&#8220; background_position=&#8220;center_right&#8220; max_width=&#8220;80%&#8220; module_alignment=&#8220;center&#8220; custom_margin=&#8220;-6%|||&#8220; custom_padding=&#8220;24px||65px||false|false&#8220; animation_direction=&#8220;left&#8220; box_shadow_style=&#8220;preset3&#8243; box_shadow_vertical=&#8220;80px&#8220; box_shadow_blur=&#8220;120px&#8220; box_shadow_spread=&#8220;-60px&#8220; box_shadow_color=&#8220;rgba(63,63,31,0.3)&#8220; locked=&#8220;off&#8220; global_colors_info=&#8220;{}&#8220;][et_pb_row _builder_version=&#8220;4.16&#8243; custom_padding=&#8220;24px|0px|24px|0px|false|false&#8220; global_colors_info=&#8220;{}&#8220;][et_pb_column type=&#8220;4_4&#8243; _builder_version=&#8220;4.16&#8243; custom_padding=&#8220;|||&#8220; global_colors_info=&#8220;{}&#8220; custom_padding__hover=&#8220;|||&#8220;][et_pb_video src=&#8220;https:\/\/vimeo.com\/426964428&#8243; src_webm=&#8220;https:\/\/vimeo.com\/277074780&#8243; _builder_version=&#8220;4.16&#8243; hover_enabled=&#8220;0&#8243; global_colors_info=&#8220;{}&#8220; sticky_enabled=&#8220;0&#8243;][\/et_pb_video][\/et_pb_column][\/et_pb_row][et_pb_row _builder_version=&#8220;4.16&#8243; custom_padding=&#8220;24px|30px|24px|30px|false|false&#8220; global_colors_info=&#8220;{}&#8220;][et_pb_column type=&#8220;4_4&#8243; _builder_version=&#8220;4.16&#8243; custom_padding=&#8220;|||&#8220; global_colors_info=&#8220;{}&#8220; custom_padding__hover=&#8220;|||&#8220;][et_pb_text _builder_version=&#8220;4.16&#8243; global_colors_info=&#8220;{}&#8220;]<\/p>\n<h2 style=\"text-align: center;\">Wusstest du bereits von diesem in dir schlummernden spirituellen Potenzial, das &#8218;Kundalini&#8216; genannt wird?<\/h2>\n<p>[\/et_pb_text][et_pb_text _builder_version=&#8220;4.16&#8243; global_colors_info=&#8220;{}&#8220;]<\/p>\n<p><span style=\"font-size: large;\">Mit dem Erwachen der Kundalini findet eine tiefgreifende Transformation im Leben statt. Die grundlegende Qualit\u00e4t unserer Erfahrungen und Wahrnehmungen beginnt sich zu ver\u00e4ndern.<br \/><\/span><\/p>\n<p><span style=\"font-size: large;\"><em>Wenn du wei\u00dft, wie du dieses &#8222;Fahrzeug&#8220; aktivieren kannst, wenn du es lenken kannst und sein Potential verstehst, dann hast du in deinen H\u00e4nden den kraftvollsten Schl\u00fcssel f\u00fcr Transformation und Befreiung, den du dir vorstellen k\u00f6nntest.<\/em><\/span><\/p>\n<p><span style=\"font-size: large;\">Das f\u00fchrt uns zu 2 Fragen:<\/span><\/p>\n<p><span style=\"font-size: large;\">1. Wie beginnen wir damit dieses &#8222;Fahrzeug der Erleuchtung&#8220;, diesen schlummernden Schl\u00fcssel der Transformation in uns zu aktivieren?<br \/><\/span><\/p>\n<p><span style=\"font-size: large;\">2. Und das richtige Verst\u00e4ndnis und die notwendige Weisheit, um das volle transformative Potential der Kundalini aktivieren zu k\u00f6nnen und auch herausfordernde Energien und Emotionen zu transformieren?<\/span><span style=\"font-size: large;\"><\/span><\/p>\n<p><strong><span style=\"font-size: large;\">Darum geht es im Sommer-Retreat &#8222;Dunkelheit Transformieren&#8220;.<\/span><\/strong><\/p>\n<p><span style=\"font-size: large;\"><\/span><\/p>\n<p>Alle Energien, die wir innerlich und \u00e4u\u00dferlich finden k\u00f6nnen \u2013 auch unsere sogenannten niederen Triebe oder tr\u00fcben Emotionen \u2013 sind in ihrer Essenz spirituell. Jede Form von Dunkelheit ist verborgenes, zusammengezogenes Licht.<\/p>\n<p>Wenn wir nur lernen, uns diesen Energien zu stellen und sie auf die richtige Art und Weise zu transformieren, k\u00f6nnen sie zu m\u00e4chtigen Sprungbrettern zur wahren Verwirklichung werden. Tats\u00e4chlich ist das tantrische Prinzip der Transformation am kraftvollsten und bedeutungsvollsten, wenn wir uns dem Dunklen zuwenden. Anstatt also zu versuchen, negative Energien zu vermeiden, lernen wir, ihnen ganz zu begegnen.<\/p>\n<p>Du wirst erkennen, dass du die Macht und die F\u00e4higkeit hast, einen chaotischen Geisteszustand wieder in Harmonie zu bringen: in eine Erfahrung der Ganzheit \u2013 und das kann die befreiendste, sch\u00f6nste und freudigste Entdeckung sein.<\/p>\n<p><strong>Wir werden lernen:<\/strong><\/p>\n<ul>\n<li><span style=\"font-size: 16px;\"><span>Wie man die tantrischen Prinzipien auf schwierige Situationen und Aspekte des eigenen Lebens anwendet.<\/span><\/span><\/li>\n<li><span style=\"font-size: 16px;\"><span>Wie man aus tantrischer Sicht mit \u00c4rger, Begierde, Angst, Anhaftung, Ego, dramatischen Ver\u00e4nderungen, Krankheit, Tod und negativen Erinnerungen umgehen kann.<\/span><br \/><span><\/span><\/span><\/li>\n<li><span style=\"font-size: 16px;\"><span>Wie man negativen und unangenehmen Energien und Emotionen furchtlos begegnen kann.<\/span><br \/><span><\/span><\/span><\/li>\n<li><span style=\"font-size: 16px;\"><span>Wie man kraftvolle tantrische Techniken wie die Meditation des inneren Feuers, die Meditation des klaren Lichts, das Gottheiten-Yoga und die Expansions-Methode anwendet, um negative Energien zu transformieren.<\/span>.<\/span><\/li>\n<\/ul>\n<p>&nbsp;<\/p>\n<p><strong><em>Dieses Retreat mit Shai Tubali ist eine Einladung, allen Aspekten unseres Seins in tiefster Stille zu begegnen und sie mit kraftvollen Techniken aus der Welt der tantrischen Erleuchtung zu transformieren, damit das Licht des Erwachens unser ganzes Wesen durchdringen kann<\/em>.<\/strong><span style=\"font-size: large;\"><br \/><\/span><\/p>\n<p>26. Juli &#8211; 02. August 2022<span style=\"font-size: large;\"><\/span><\/p>\n<p><span style=\"font-size: large;\"><strong><em><\/em><\/strong><\/span><\/p>\n<p>[\/et_pb_text][\/et_pb_column][\/et_pb_row][et_pb_row _builder_version=&#8220;4.16&#8243; global_colors_info=&#8220;{}&#8220;][et_pb_column type=&#8220;4_4&#8243; _builder_version=&#8220;4.16&#8243; custom_padding=&#8220;|||&#8220; global_colors_info=&#8220;{}&#8220; custom_padding__hover=&#8220;|||&#8220;][et_pb_button button_url=&#8220;https:\/\/retreat.shaitubali.com\/de\/&#8220; button_text=&#8220;Jetzt noch einen Platz sichern&#8230;&#8220; button_alignment=&#8220;center&#8220; _builder_version=&#8220;4.17.4&#8243; custom_button=&#8220;on&#8220; button_text_color=&#8220;#000000&#8243; button_bg_color=&#8220;#FFBF1E&#8220; button_border_width=&#8220;0px&#8220; button_icon=&#8220;&#x3d;||divi||400&#8243; button_icon_color=&#8220;#000000&#8243; box_shadow_style=&#8220;preset1&#8243; global_colors_info=&#8220;{}&#8220;][\/et_pb_button][\/et_pb_column][\/et_pb_row][\/et_pb_section][et_pb_section fb_built=&#8220;1&#8243; _builder_version=&#8220;4.16&#8243; global_colors_info=&#8220;{}&#8220;][et_pb_row _builder_version=&#8220;4.16&#8243; global_colors_info=&#8220;{}&#8220;][et_pb_column type=&#8220;4_4&#8243; _builder_version=&#8220;4.16&#8243; custom_padding=&#8220;|||&#8220; global_colors_info=&#8220;{}&#8220; custom_padding__hover=&#8220;|||&#8220;][et_pb_text _builder_version=&#8220;4.16&#8243; global_colors_info=&#8220;{}&#8220;]<\/p>\n<p style=\"text-align: center;\"><a href=\"\/?page_id=2013\">Impressum<\/a>\u00a0| <a href=\"\/?page_id=3\">Datenschutz<\/a><\/p>\n<p>[\/et_pb_text][\/et_pb_column][\/et_pb_row][\/et_pb_section]<\/p>\n","protected":false},"excerpt":{"rendered":"<p>\n<div class=\"wpml-ls-statics-shortcode_actions wpml-ls wpml-ls-legacy-list-horizontal\">\n\t<ul role=\"menu\"><li class=\"wpml-ls-slot-shortcode_actions wpml-ls-item wpml-ls-item-en wpml-ls-first-item wpml-ls-last-item wpml-ls-item-legacy-list-horizontal\" role=\"none\">\n\t\t\t\t<a href=\"https:\/\/retreat.shaitubali.com\/\" class=\"wpml-ls-link\" role=\"menuitem\"  aria-label=\"Zu English wechseln\" title=\"Zu English wechseln\" >\n                                                        <img decoding=\"async\"\n            class=\"wpml-ls-flag\"\n            src=\"https:\/\/retreat.shaitubali.com\/wp-content\/plugins\/sitepress-multilingual-cms\/res\/flags\/en.png\"\n            alt=\"\"\n            width=18\n            height=12\n    \/><span class=\"wpml-ls-native\" lang=\"en\">English<\/span><\/a>\n\t\t\t<\/li><\/ul>\n<\/div>\n Das Gef\u00e4hrt der ErleuchtungWusstest du bereits von diesem in dir schlummernden spirituellen Potenzial, das &#8218;Kundalini&#8216; genannt wird?Mit dem Erwachen der Kundalini findet eine tiefgreifende Transformation im Leben statt. Die grundlegende Qualit\u00e4t unserer Erfahrungen und Wahrnehmungen beginnt sich zu ver\u00e4ndern. Wenn du wei\u00dft, wie du dieses &#8222;Fahrzeug&#8220; aktivieren kannst, wenn du es lenken kannst und [&hellip;]<\/p>\n","protected":false},"author":1,"featured_media":2256,"parent":0,"menu_order":0,"comment_status":"closed","ping_status":"closed","template":"page-template-blank.php","meta":{"_et_pb_use_builder":"on","_et_pb_old_content":"","_et_gb_content_width":"","footnotes":""},"class_list":["post-2203","page","type-page","status-publish","has-post-thumbnail","hentry"],"yoast_head":"<!-- This site is optimized with the Yoast SEO plugin v26.9 - https:\/\/yoast.com\/product\/yoast-seo-wordpress\/ -->\n<title>Das Gef\u00e4hrt der Erleuchtung - Stille Retreats mit Dr. Shai Tubali<\/title>\n<meta name=\"robots\" content=\"index, follow, max-snippet:-1, max-image-preview:large, max-video-preview:-1\" \/>\n<link rel=\"canonical\" href=\"https:\/\/retreat.shaitubali.com\/vehicle-of-enlightenment\/\" \/>\n<meta property=\"og:locale\" content=\"de_DE\" \/>\n<meta property=\"og:type\" content=\"article\" \/>\n<meta property=\"og:title\" content=\"Das Gef\u00e4hrt der Erleuchtung - Stille Retreats mit Dr. Shai Tubali\" \/>\n<meta property=\"og:description\" content=\"Das Gef\u00e4hrt der ErleuchtungWusstest du bereits von diesem in dir schlummernden spirituellen Potenzial, das &#039;Kundalini&#039; genannt wird?Mit dem Erwachen der Kundalini findet eine tiefgreifende Transformation im Leben statt. Die grundlegende Qualit\u00e4t unserer Erfahrungen und Wahrnehmungen beginnt sich zu ver\u00e4ndern. Wenn du wei\u00dft, wie du dieses &quot;Fahrzeug&quot; aktivieren kannst, wenn du es lenken kannst und [&hellip;]\" \/>\n<meta property=\"og:url\" content=\"https:\/\/retreat.shaitubali.com\/vehicle-of-enlightenment\/\" \/>\n<meta property=\"og:site_name\" content=\"Stille Retreats mit Dr. Shai Tubali\" \/>\n<meta property=\"article:modified_time\" content=\"2023-03-05T22:43:20+00:00\" \/>\n<meta property=\"og:image\" content=\"https:\/\/retreat.shaitubali.com\/wp-content\/uploads\/2020\/06\/vehicle-of-enlightenment-de.jpg\" \/>\n\t<meta property=\"og:image:width\" content=\"1920\" \/>\n\t<meta property=\"og:image:height\" content=\"1080\" \/>\n\t<meta property=\"og:image:type\" content=\"image\/jpeg\" \/>\n<meta name=\"twitter:card\" content=\"summary_large_image\" \/>\n<meta name=\"twitter:label1\" content=\"Gesch\u00e4tzte Lesezeit\" \/>\n\t<meta name=\"twitter:data1\" content=\"5\u00a0Minuten\" \/>\n<script type=\"application\/ld+json\" class=\"yoast-schema-graph\">{\"@context\":\"https:\/\/schema.org\",\"@graph\":[{\"@type\":\"WebPage\",\"@id\":\"https:\/\/retreat.shaitubali.com\/vehicle-of-enlightenment\/\",\"url\":\"https:\/\/retreat.shaitubali.com\/vehicle-of-enlightenment\/\",\"name\":\"Das Gef\u00e4hrt der Erleuchtung - Stille Retreats mit Dr. Shai Tubali\",\"isPartOf\":{\"@id\":\"https:\/\/retreat.shaitubali.com\/#website\"},\"primaryImageOfPage\":{\"@id\":\"https:\/\/retreat.shaitubali.com\/vehicle-of-enlightenment\/#primaryimage\"},\"image\":{\"@id\":\"https:\/\/retreat.shaitubali.com\/vehicle-of-enlightenment\/#primaryimage\"},\"thumbnailUrl\":\"https:\/\/retreat.shaitubali.com\/wp-content\/uploads\/2020\/06\/vehicle-of-enlightenment-de.jpg\",\"datePublished\":\"2020-06-08T11:14:41+00:00\",\"dateModified\":\"2023-03-05T22:43:20+00:00\",\"breadcrumb\":{\"@id\":\"https:\/\/retreat.shaitubali.com\/vehicle-of-enlightenment\/#breadcrumb\"},\"inLanguage\":\"de\",\"potentialAction\":[{\"@type\":\"ReadAction\",\"target\":[\"https:\/\/retreat.shaitubali.com\/vehicle-of-enlightenment\/\"]}]},{\"@type\":\"ImageObject\",\"inLanguage\":\"de\",\"@id\":\"https:\/\/retreat.shaitubali.com\/vehicle-of-enlightenment\/#primaryimage\",\"url\":\"https:\/\/retreat.shaitubali.com\/wp-content\/uploads\/2020\/06\/vehicle-of-enlightenment-de.jpg\",\"contentUrl\":\"https:\/\/retreat.shaitubali.com\/wp-content\/uploads\/2020\/06\/vehicle-of-enlightenment-de.jpg\",\"width\":1920,\"height\":1080},{\"@type\":\"BreadcrumbList\",\"@id\":\"https:\/\/retreat.shaitubali.com\/vehicle-of-enlightenment\/#breadcrumb\",\"itemListElement\":[{\"@type\":\"ListItem\",\"position\":1,\"name\":\"Home\",\"item\":\"https:\/\/retreat.shaitubali.com\/de\/summer-retreat-2026\/\"},{\"@type\":\"ListItem\",\"position\":2,\"name\":\"Das Gef\u00e4hrt der Erleuchtung\"}]},{\"@type\":\"WebSite\",\"@id\":\"https:\/\/retreat.shaitubali.com\/#website\",\"url\":\"https:\/\/retreat.shaitubali.com\/\",\"name\":\"Stille Retreats mit Dr. Shai Tubali\",\"description\":\"The Essence of Yoga\",\"potentialAction\":[{\"@type\":\"SearchAction\",\"target\":{\"@type\":\"EntryPoint\",\"urlTemplate\":\"https:\/\/retreat.shaitubali.com\/?s={search_term_string}\"},\"query-input\":{\"@type\":\"PropertyValueSpecification\",\"valueRequired\":true,\"valueName\":\"search_term_string\"}}],\"inLanguage\":\"de\"}]}<\/script>\n<!-- \/ Yoast SEO plugin. -->","yoast_head_json":{"title":"Das Gef\u00e4hrt der Erleuchtung - Stille Retreats mit Dr. Shai Tubali","robots":{"index":"index","follow":"follow","max-snippet":"max-snippet:-1","max-image-preview":"max-image-preview:large","max-video-preview":"max-video-preview:-1"},"canonical":"https:\/\/retreat.shaitubali.com\/vehicle-of-enlightenment\/","og_locale":"de_DE","og_type":"article","og_title":"Das Gef\u00e4hrt der Erleuchtung - Stille Retreats mit Dr. Shai Tubali","og_description":"Das Gef\u00e4hrt der ErleuchtungWusstest du bereits von diesem in dir schlummernden spirituellen Potenzial, das 'Kundalini' genannt wird?Mit dem Erwachen der Kundalini findet eine tiefgreifende Transformation im Leben statt. Die grundlegende Qualit\u00e4t unserer Erfahrungen und Wahrnehmungen beginnt sich zu ver\u00e4ndern. Wenn du wei\u00dft, wie du dieses \"Fahrzeug\" aktivieren kannst, wenn du es lenken kannst und [&hellip;]","og_url":"https:\/\/retreat.shaitubali.com\/vehicle-of-enlightenment\/","og_site_name":"Stille Retreats mit Dr. Shai Tubali","article_modified_time":"2023-03-05T22:43:20+00:00","og_image":[{"width":1920,"height":1080,"url":"https:\/\/retreat.shaitubali.com\/wp-content\/uploads\/2020\/06\/vehicle-of-enlightenment-de.jpg","type":"image\/jpeg"}],"twitter_card":"summary_large_image","twitter_misc":{"Gesch\u00e4tzte Lesezeit":"5\u00a0Minuten"},"schema":{"@context":"https:\/\/schema.org","@graph":[{"@type":"WebPage","@id":"https:\/\/retreat.shaitubali.com\/vehicle-of-enlightenment\/","url":"https:\/\/retreat.shaitubali.com\/vehicle-of-enlightenment\/","name":"Das Gef\u00e4hrt der Erleuchtung - Stille Retreats mit Dr. Shai Tubali","isPartOf":{"@id":"https:\/\/retreat.shaitubali.com\/#website"},"primaryImageOfPage":{"@id":"https:\/\/retreat.shaitubali.com\/vehicle-of-enlightenment\/#primaryimage"},"image":{"@id":"https:\/\/retreat.shaitubali.com\/vehicle-of-enlightenment\/#primaryimage"},"thumbnailUrl":"https:\/\/retreat.shaitubali.com\/wp-content\/uploads\/2020\/06\/vehicle-of-enlightenment-de.jpg","datePublished":"2020-06-08T11:14:41+00:00","dateModified":"2023-03-05T22:43:20+00:00","breadcrumb":{"@id":"https:\/\/retreat.shaitubali.com\/vehicle-of-enlightenment\/#breadcrumb"},"inLanguage":"de","potentialAction":[{"@type":"ReadAction","target":["https:\/\/retreat.shaitubali.com\/vehicle-of-enlightenment\/"]}]},{"@type":"ImageObject","inLanguage":"de","@id":"https:\/\/retreat.shaitubali.com\/vehicle-of-enlightenment\/#primaryimage","url":"https:\/\/retreat.shaitubali.com\/wp-content\/uploads\/2020\/06\/vehicle-of-enlightenment-de.jpg","contentUrl":"https:\/\/retreat.shaitubali.com\/wp-content\/uploads\/2020\/06\/vehicle-of-enlightenment-de.jpg","width":1920,"height":1080},{"@type":"BreadcrumbList","@id":"https:\/\/retreat.shaitubali.com\/vehicle-of-enlightenment\/#breadcrumb","itemListElement":[{"@type":"ListItem","position":1,"name":"Home","item":"https:\/\/retreat.shaitubali.com\/de\/summer-retreat-2026\/"},{"@type":"ListItem","position":2,"name":"Das Gef\u00e4hrt der Erleuchtung"}]},{"@type":"WebSite","@id":"https:\/\/retreat.shaitubali.com\/#website","url":"https:\/\/retreat.shaitubali.com\/","name":"Stille Retreats mit Dr. Shai Tubali","description":"The Essence of Yoga","potentialAction":[{"@type":"SearchAction","target":{"@type":"EntryPoint","urlTemplate":"https:\/\/retreat.shaitubali.com\/?s={search_term_string}"},"query-input":{"@type":"PropertyValueSpecification","valueRequired":true,"valueName":"search_term_string"}}],"inLanguage":"de"}]}},"_links":{"self":[{"href":"https:\/\/retreat.shaitubali.com\/de\/wp-json\/wp\/v2\/pages\/2203","targetHints":{"allow":["GET"]}}],"collection":[{"href":"https:\/\/retreat.shaitubali.com\/de\/wp-json\/wp\/v2\/pages"}],"about":[{"href":"https:\/\/retreat.shaitubali.com\/de\/wp-json\/wp\/v2\/types\/page"}],"author":[{"embeddable":true,"href":"https:\/\/retreat.shaitubali.com\/de\/wp-json\/wp\/v2\/users\/1"}],"replies":[{"embeddable":true,"href":"https:\/\/retreat.shaitubali.com\/de\/wp-json\/wp\/v2\/comments?post=2203"}],"version-history":[{"count":6,"href":"https:\/\/retreat.shaitubali.com\/de\/wp-json\/wp\/v2\/pages\/2203\/revisions"}],"predecessor-version":[{"id":3010,"href":"https:\/\/retreat.shaitubali.com\/de\/wp-json\/wp\/v2\/pages\/2203\/revisions\/3010"}],"wp:featuredmedia":[{"embeddable":true,"href":"https:\/\/retreat.shaitubali.com\/de\/wp-json\/wp\/v2\/media\/2256"}],"wp:attachment":[{"href":"https:\/\/retreat.shaitubali.com\/de\/wp-json\/wp\/v2\/media?parent=2203"}],"curies":[{"name":"wp","href":"https:\/\/api.w.org\/{rel}","templated":true}]}}