{"id":2090,"date":"2020-05-10T20:06:04","date_gmt":"2020-05-10T18:06:04","guid":{"rendered":"http:\/\/retreat.shaitubali.com\/registration-form\/ty-request-received\/"},"modified":"2026-02-12T00:30:49","modified_gmt":"2026-02-11T23:30:49","slug":"joined","status":"publish","type":"page","link":"https:\/\/retreat.shaitubali.com\/de\/registration-form\/joined\/","title":{"rendered":"Danke! &#8211; Buchungsanfrage erhalten"},"content":{"rendered":"<p>[et_pb_section fb_built=&#8220;1&#8243; _builder_version=&#8220;4.27.5&#8243; _module_preset=&#8220;default&#8220; use_background_color_gradient=&#8220;on&#8220; background_color_gradient_stops=&#8220;rgba(0,0,0,0.35) 61%|#e9dfcf 100%&#8220; background_color_gradient_overlays_image=&#8220;on&#8220; background_image=&#8220;https:\/\/retreat.shaitubali.com\/wp-content\/uploads\/2026\/01\/golden-sky.jpg&#8220; parallax=&#8220;on&#8220; width=&#8220;100%&#8220; max_width=&#8220;100%&#8220; height=&#8220;100%&#8220; custom_padding=&#8220;16px|||||&#8220; locked=&#8220;off&#8220; global_colors_info=&#8220;{}&#8220;][et_pb_row _builder_version=&#8220;4.20.2&#8243; _module_preset=&#8220;default&#8220; custom_margin=&#8220;50px|auto|41px|auto||&#8220; global_colors_info=&#8220;{}&#8220;][et_pb_column type=&#8220;4_4&#8243; _builder_version=&#8220;4.19.0&#8243; _module_preset=&#8220;default&#8220; global_colors_info=&#8220;{}&#8220;][et_pb_text _builder_version=&#8220;4.19.0&#8243; _module_preset=&#8220;default&#8220; header_font=&#8220;TT Norms Medium||||||||&#8220; header_text_color=&#8220;#FFFFFF&#8220; header_font_size=&#8220;77px&#8220; global_colors_info=&#8220;{}&#8220;]<\/p>\n<h1 style=\"text-align: center;\">Herzlichen Dank!<\/h1>\n<p>[\/et_pb_text][et_pb_divider color=&#8220;#FFFFFF&#8220; divider_weight=&#8220;3px&#8220; _builder_version=&#8220;4.17.6&#8243; _module_preset=&#8220;default&#8220; max_width=&#8220;10%&#8220; module_alignment=&#8220;center&#8220; locked=&#8220;off&#8220; global_colors_info=&#8220;{}&#8220;][\/et_pb_divider][et_pb_text _builder_version=&#8220;4.20.2&#8243; _module_preset=&#8220;default&#8220; header_3_font=&#8220;TT Norms Medium|||on|||||&#8220; header_3_text_align=&#8220;center&#8220; header_3_text_color=&#8220;#FFFFFF&#8220; header_3_font_size=&#8220;23px&#8220; global_colors_info=&#8220;{}&#8220;]<\/p>\n<h3>Wir haben deine Buchung erhalten.<\/h3>\n<p>[\/et_pb_text][et_pb_icon font_icon=&#8220;&#x33;||divi||400&#8243; icon_color=&#8220;#FFFFFF&#8220; icon_width=&#8220;2.1vw&#8220; url=&#8220;#book&#8220; _builder_version=&#8220;4.20.2&#8243; _module_preset=&#8220;default&#8220; custom_margin=&#8220;32px|||||&#8220; border_radii=&#8220;on|50%|50%|50%|50%&#8220; border_width_all=&#8220;1px&#8220; border_color_all=&#8220;#FFFFFF&#8220; locked=&#8220;off&#8220; global_colors_info=&#8220;{}&#8220;][\/et_pb_icon][\/et_pb_column][\/et_pb_row][\/et_pb_section][et_pb_section fb_built=&#8220;1&#8243; _builder_version=&#8220;4.16&#8243; background_color=&#8220;#e9dfcf&#8220; global_colors_info=&#8220;{}&#8220;][et_pb_row _builder_version=&#8220;4.16&#8243; max_width=&#8220;80%&#8220; custom_margin=&#8220;|||&#8220; custom_padding=&#8220;42px|8px|86px|37px|false|false&#8220; border_color_all=&#8220;rgba(51,51,51,0.55)&#8220; use_custom_width=&#8220;on&#8220; width_unit=&#8220;off&#8220; global_colors_info=&#8220;{}&#8220;][et_pb_column type=&#8220;4_4&#8243; _builder_version=&#8220;4.16&#8243; global_colors_info=&#8220;{}&#8220; custom_padding__hover=&#8220;|||&#8220;][et_pb_text _builder_version=&#8220;4.27.5&#8243; background_size=&#8220;initial&#8220; background_position=&#8220;top_left&#8220; background_repeat=&#8220;repeat&#8220; global_colors_info=&#8220;{}&#8220;]<\/p>\n<p>Danke, dass du dich f\u00fcr das Sommer Retreat 2026 mit Shai Tubali in Portugal, bzw. Online angemeldet hast.<\/p>\n<h2>Der letzte Schritt, um dabei zu sein<\/h2>\n<p>Jetzt m\u00f6chten wir dich bitten, mit der Zahlung fortzufahren, um dir deinen Platz zu sichern.<\/p>\n<p>Bei Online-Teilnahme zahle bitte direkt deinen Retreat-Beitrag, in 1 oder 2 Raten.<\/p>\n<p>Bei vor Ort-Teilnahme ist eine Anzahlung von 190 \u20ac wichtig, um deinen Platz zu sichern.<\/p>\n<p>Nat\u00fcrlich kannst du dich auch daf\u00fcr entscheiden, direkt den vollen Betrag zu zahlen.<\/p>\n<p>Am besten nutzt du daf\u00fcr das Buchungsformular.<\/p>\n<p>[\/et_pb_text][et_pb_divider show_divider=&#8220;off&#8220; _builder_version=&#8220;4.16&#8243; global_colors_info=&#8220;{}&#8220;][\/et_pb_divider][et_pb_divider _builder_version=&#8220;4.16&#8243; background_size=&#8220;initial&#8220; background_position=&#8220;top_left&#8220; background_repeat=&#8220;repeat&#8220; global_colors_info=&#8220;{}&#8220;][\/et_pb_divider][\/et_pb_column][\/et_pb_row][et_pb_row column_structure=&#8220;1_2,1_2&#8243; use_custom_gutter=&#8220;on&#8220; gutter_width=&#8220;1&#8243; make_equal=&#8220;on&#8220; padding_left_right_link_1=&#8220;true&#8220; padding_left_right_link_2=&#8220;true&#8220; padding_left_right_link_3=&#8220;true&#8220; _builder_version=&#8220;4.16&#8243; width=&#8220;86%&#8220; max_width=&#8220;86%&#8220; custom_margin=&#8220;|||&#8220; custom_padding=&#8220;42px|0px|86px|0px|false|false&#8220; border_color_all=&#8220;rgba(51,51,51,0.55)&#8220; use_custom_width=&#8220;on&#8220; width_unit=&#8220;off&#8220; custom_width_percent=&#8220;86%&#8220; global_colors_info=&#8220;{}&#8220;][et_pb_column type=&#8220;1_2&#8243; _builder_version=&#8220;4.16&#8243; custom_padding=&#8220;|15px||15px|false|true&#8220; global_colors_info=&#8220;{}&#8220; custom_padding__hover=&#8220;|||&#8220;][et_pb_text _builder_version=&#8220;4.27.5&#8243; _module_preset=&#8220;default&#8220; locked=&#8220;off&#8220; global_colors_info=&#8220;{}&#8220;]<\/p>\n<h3 style=\"text-align: left;\"><strong>Zimmer und Preise<\/strong><\/h3>\n<p>Dieses Jahr kannst du dein Zimmer auch direkt \u00fcber uns buchen. Der Preis beinhaltet also sowohl das <em><strong>Zimmer mit Vollpension<\/strong><\/em> als auch <em><strong>die Seminargeb\u00fchr<\/strong><\/em>.<\/p>\n<p>.<\/p>\n<table width=\"559\">\n<tbody>\n<tr>\n<td width=\"156\">Zimmer<\/td>\n<td width=\"146\">Zimmerpreis<\/td>\n<td width=\"146\">Programm<\/td>\n<td width=\"111\">Ges.<\/td>\n<\/tr>\n<tr>\n<td>Einzel<\/td>\n<td>950\u20ac<\/td>\n<td>475 \u20ac<\/td>\n<td>1.425 \u20ac<\/td>\n<\/tr>\n<tr>\n<td>Doppel<\/td>\n<td>725 \u20ac<\/td>\n<td>475 \u20ac<\/td>\n<td>1.200 \u20ac<\/td>\n<\/tr>\n<tr>\n<td>Online<\/td>\n<td>&#8211;<\/td>\n<td>475 \u20ac<\/td>\n<td>475 \u20ac<\/td>\n<\/tr>\n<tr>\n<td><\/td>\n<td><\/td>\n<td><\/td>\n<td><\/td>\n<\/tr>\n<\/tbody>\n<\/table>\n<p style=\"text-align: left;\">Also zahle jetzt die Anzahlung von 190 \u20ac, um dir deinen Platz auf dem Retreat zu sichern. Die Restzahlung muss sp\u00e4testens zwei Wochen vor Retreat-Start bezahlt werden. Nat\u00fcrlich kannst du auch gleich den vollen Preis bezahlen, wenn du das m\u00f6chtest.<\/p>\n<p>[\/et_pb_text][\/et_pb_column][et_pb_column type=&#8220;1_2&#8243; _builder_version=&#8220;4.16&#8243; custom_padding=&#8220;|15px||15px|false|true&#8220; global_colors_info=&#8220;{}&#8220; custom_padding__hover=&#8220;|||&#8220;][et_pb_code _builder_version=&#8220;4.27.4&#8243; _module_preset=&#8220;default&#8220; global_colors_info=&#8220;{}&#8220;]<\/p>\n<div class=\"tc-v2-embeddable-target\" data-thrivecart-account=\"soul-position\" data-thrivecart-tpl=\"v2\" data-thrivecart-product=\"111\" data-thrivecart-embeddable=\"tc-soul-position-111-JMAYG6\"><\/div>\n<p><script async src=\"\/\/tinder.thrivecart.com\/embed\/v2\/thrivecart.js\" id=\"tc-soul-position-111-JMAYG6\"><\/script>[\/et_pb_code][\/et_pb_column][\/et_pb_row][et_pb_row column_structure=&#8220;3_5,2_5&#8243; use_custom_gutter=&#8220;on&#8220; gutter_width=&#8220;1&#8243; make_equal=&#8220;on&#8220; padding_left_right_link_1=&#8220;true&#8220; padding_left_right_link_2=&#8220;true&#8220; padding_left_right_link_3=&#8220;true&#8220; _builder_version=&#8220;4.16&#8243; width=&#8220;86%&#8220; max_width=&#8220;86%&#8220; custom_margin=&#8220;|||&#8220; custom_padding=&#8220;42px|0px|86px|0px|false|false&#8220; border_color_all=&#8220;rgba(51,51,51,0.55)&#8220; use_custom_width=&#8220;on&#8220; width_unit=&#8220;off&#8220; custom_width_percent=&#8220;86%&#8220; locked=&#8220;off&#8220; global_colors_info=&#8220;{}&#8220;][et_pb_column type=&#8220;3_5&#8243; _builder_version=&#8220;4.16&#8243; custom_padding=&#8220;|15px||15px|false|true&#8220; global_colors_info=&#8220;{}&#8220; custom_padding__hover=&#8220;|||&#8220;][et_pb_text _builder_version=&#8220;4.27.5&#8243; background_size=&#8220;initial&#8220; background_position=&#8220;top_left&#8220; background_repeat=&#8220;repeat&#8220; hover_enabled=&#8220;0&#8243; global_colors_info=&#8220;{}&#8220; sticky_enabled=&#8220;0&#8243;]<\/p>\n<h3 style=\"text-align: left;\"><b>Du bevorzugst Zahlung per \u00dcberweisung?<\/b><\/h3>\n<p><strong>Kontoeigent\u00fcmer:<\/strong><span>\u00a0<\/span>Expansion worldwide LLC<\/p>\n<p><strong>IBAN:<\/strong><span>\u00a0<\/span>BE27 9675 0884 3673<\/p>\n<p><strong>BIC:<span>\u00a0<\/span><\/strong><span>TRWIBEB1XXX<\/span><\/p>\n<p><span><strong>Bank:\u00a0<\/strong>Wise<br \/><\/span><\/p>\n<p>Land des Bankkontos: Belgien<span><\/span><\/p>\n<p><strong>Unternehmensanschrift:<br \/><\/strong><\/p>\n<p><span>5900 Balcones Drive<br \/>STE 100<br \/>Austin, Texas 78731<br \/>United States<\/span><\/p>\n<p><span><\/span><\/p>\n<p><em>Bitte gib in die Betreffzeile <strong>\u201eSommer Retreat 2026 + Dein Vor- und Nachname\u201c<\/strong> ein<strong>.<\/strong><\/em><\/p>\n<p>[\/et_pb_text][\/et_pb_column][et_pb_column type=&#8220;2_5&#8243; _builder_version=&#8220;4.16&#8243; custom_padding=&#8220;|15px||15px|false|true&#8220; global_colors_info=&#8220;{}&#8220; custom_padding__hover=&#8220;|||&#8220;][\/et_pb_column][\/et_pb_row][et_pb_row _builder_version=&#8220;4.16&#8243; max_width=&#8220;80%&#8220; custom_margin=&#8220;|||&#8220; custom_padding=&#8220;42px|8px|86px|37px|false|false&#8220; border_color_all=&#8220;rgba(51,51,51,0.55)&#8220; use_custom_width=&#8220;on&#8220; width_unit=&#8220;off&#8220; global_colors_info=&#8220;{}&#8220;][et_pb_column type=&#8220;4_4&#8243; _builder_version=&#8220;4.16&#8243; global_colors_info=&#8220;{}&#8220; custom_padding__hover=&#8220;|||&#8220;][et_pb_divider show_divider=&#8220;off&#8220; _builder_version=&#8220;4.16&#8243; global_colors_info=&#8220;{}&#8220;][\/et_pb_divider][et_pb_divider _builder_version=&#8220;4.16&#8243; background_size=&#8220;initial&#8220; background_position=&#8220;top_left&#8220; background_repeat=&#8220;repeat&#8220; global_colors_info=&#8220;{}&#8220;][\/et_pb_divider][et_pb_text _builder_version=&#8220;4.16&#8243; background_size=&#8220;initial&#8220; background_position=&#8220;top_left&#8220; background_repeat=&#8220;repeat&#8220; global_colors_info=&#8220;{}&#8220;]<\/p>\n<h3>Organisatorisches<span class=\"tlid-translation translation\"><span title=\"\" class=\"\"><\/span><\/span><\/h3>\n<p>[\/et_pb_text][et_pb_text _builder_version=&#8220;4.16&#8243; background_size=&#8220;initial&#8220; background_position=&#8220;top_left&#8220; background_repeat=&#8220;repeat&#8220; custom_padding=&#8220;8px|||||&#8220; global_colors_info=&#8220;{}&#8220;]<\/p>\n<p><strong>Datum:<\/strong><span> 31<\/span>. August &#8211; 5. September 2026<\/p>\n<p><strong>Zeit:<\/strong><span>\u00a0<\/span>Das Retreat beginnt um 18:00 und beinhaltet am ersten Tag das Abendessen. Ankunft ab 14:00.<\/p>\n<p>Das Retreat endet am letzten Tag um 14:00 nach dem Mittagessen.<\/p>\n<p><strong>Check-Out:<span>\u00a0<\/span><\/strong>Check-Out aus den Zimmern am letzten Tag ist bis 9:30<\/p>\n<p><strong>Anschrift:<\/strong><\/p>\n<p><span><strong>Estrela Serenity<\/strong><br \/>Caminho das Regadas, N\u00ba1<br \/>6290 \u2013 081, Folgosinho<br \/>Gouveia \u2013 Portugal<\/span><\/p>\n<p>&nbsp;<\/p>\n<p>[\/et_pb_text][\/et_pb_column][\/et_pb_row][\/et_pb_section][et_pb_section fb_built=&#8220;1&#8243; _builder_version=&#8220;4.16&#8243; global_colors_info=&#8220;{}&#8220;][et_pb_row _builder_version=&#8220;4.16&#8243; background_size=&#8220;initial&#8220; background_position=&#8220;top_left&#8220; background_repeat=&#8220;repeat&#8220; global_colors_info=&#8220;{}&#8220;][et_pb_column type=&#8220;4_4&#8243; _builder_version=&#8220;4.16&#8243; global_colors_info=&#8220;{}&#8220; custom_padding__hover=&#8220;|||&#8220;][et_pb_text _builder_version=&#8220;4.16&#8243; background_size=&#8220;initial&#8220; background_position=&#8220;top_left&#8220; background_repeat=&#8220;repeat&#8220; global_colors_info=&#8220;{}&#8220;]<\/p>\n<p style=\"text-align: center;\"><a href=\"https:\/\/retreat.shaitubali.com\/impressum\/\">Impressum<\/a> | <a href=\"https:\/\/retreat.shaitubali.com\/privacy-policy\/\">Privacy Policies<\/a><\/p>\n<p>[\/et_pb_text][\/et_pb_column][\/et_pb_row][\/et_pb_section]<\/p>\n","protected":false},"excerpt":{"rendered":"<p>Herzlichen Dank!Wir haben deine Buchung erhalten.Danke, dass du dich f\u00fcr das Sommer Retreat 2026 mit Shai Tubali in Portugal, bzw. Online angemeldet hast. Der letzte Schritt, um dabei zu sein Jetzt m\u00f6chten wir dich bitten, mit der Zahlung fortzufahren, um dir deinen Platz zu sichern. Bei Online-Teilnahme zahle bitte direkt deinen Retreat-Beitrag, in 1 oder [&hellip;]<\/p>\n","protected":false},"author":1,"featured_media":0,"parent":2082,"menu_order":0,"comment_status":"closed","ping_status":"closed","template":"page-template-blank.php","meta":{"_et_pb_use_builder":"on","_et_pb_old_content":"","_et_gb_content_width":"","footnotes":""},"class_list":["post-2090","page","type-page","status-publish","hentry"],"yoast_head":"<!-- This site is optimized with the Yoast SEO plugin v27.4 - https:\/\/yoast.com\/product\/yoast-seo-wordpress\/ -->\n<title>Danke! - Buchungsanfrage erhalten - Stille Retreats mit Dr. Shai Tubali<\/title>\n<meta name=\"robots\" content=\"index, follow, max-snippet:-1, max-image-preview:large, max-video-preview:-1\" \/>\n<link rel=\"canonical\" href=\"https:\/\/retreat.shaitubali.com\/de\/registration-form\/joined\/\" \/>\n<meta property=\"og:locale\" content=\"de_DE\" \/>\n<meta property=\"og:type\" content=\"article\" \/>\n<meta property=\"og:title\" content=\"Danke! - Buchungsanfrage erhalten - Stille Retreats mit Dr. Shai Tubali\" \/>\n<meta property=\"og:description\" content=\"Herzlichen Dank!Wir haben deine Buchung erhalten.Danke, dass du dich f\u00fcr das Sommer Retreat 2026 mit Shai Tubali in Portugal, bzw. Online angemeldet hast. Der letzte Schritt, um dabei zu sein Jetzt m\u00f6chten wir dich bitten, mit der Zahlung fortzufahren, um dir deinen Platz zu sichern. Bei Online-Teilnahme zahle bitte direkt deinen Retreat-Beitrag, in 1 oder [&hellip;]\" \/>\n<meta property=\"og:url\" content=\"https:\/\/retreat.shaitubali.com\/de\/registration-form\/joined\/\" \/>\n<meta property=\"og:site_name\" content=\"Stille Retreats mit Dr. Shai Tubali\" \/>\n<meta property=\"article:modified_time\" content=\"2026-02-11T23:30:49+00:00\" \/>\n<meta name=\"twitter:card\" content=\"summary_large_image\" \/>\n<meta name=\"twitter:label1\" content=\"Gesch\u00e4tzte Lesezeit\" \/>\n\t<meta name=\"twitter:data1\" content=\"2\u00a0Minuten\" \/>\n<script type=\"application\/ld+json\" class=\"yoast-schema-graph\">{\"@context\":\"https:\\\/\\\/schema.org\",\"@graph\":[{\"@type\":\"WebPage\",\"@id\":\"https:\\\/\\\/retreat.shaitubali.com\\\/de\\\/registration-form\\\/joined\\\/\",\"url\":\"https:\\\/\\\/retreat.shaitubali.com\\\/de\\\/registration-form\\\/joined\\\/\",\"name\":\"Danke! - Buchungsanfrage erhalten - Stille Retreats mit Dr. Shai Tubali\",\"isPartOf\":{\"@id\":\"https:\\\/\\\/retreat.shaitubali.com\\\/#website\"},\"datePublished\":\"2020-05-10T18:06:04+00:00\",\"dateModified\":\"2026-02-11T23:30:49+00:00\",\"breadcrumb\":{\"@id\":\"https:\\\/\\\/retreat.shaitubali.com\\\/de\\\/registration-form\\\/joined\\\/#breadcrumb\"},\"inLanguage\":\"de\",\"potentialAction\":[{\"@type\":\"ReadAction\",\"target\":[\"https:\\\/\\\/retreat.shaitubali.com\\\/de\\\/registration-form\\\/joined\\\/\"]}]},{\"@type\":\"BreadcrumbList\",\"@id\":\"https:\\\/\\\/retreat.shaitubali.com\\\/de\\\/registration-form\\\/joined\\\/#breadcrumb\",\"itemListElement\":[{\"@type\":\"ListItem\",\"position\":1,\"name\":\"Home\",\"item\":\"https:\\\/\\\/retreat.shaitubali.com\\\/de\\\/summer-retreat-2026\\\/\"},{\"@type\":\"ListItem\",\"position\":2,\"name\":\"Retreat Anmeldeformular\",\"item\":\"https:\\\/\\\/retreat.shaitubali.com\\\/de\\\/registration-form\\\/\"},{\"@type\":\"ListItem\",\"position\":3,\"name\":\"Danke! &#8211; Buchungsanfrage erhalten\"}]},{\"@type\":\"WebSite\",\"@id\":\"https:\\\/\\\/retreat.shaitubali.com\\\/#website\",\"url\":\"https:\\\/\\\/retreat.shaitubali.com\\\/\",\"name\":\"Stille Retreats mit Dr. Shai Tubali\",\"description\":\"The Essence of Yoga\",\"potentialAction\":[{\"@type\":\"SearchAction\",\"target\":{\"@type\":\"EntryPoint\",\"urlTemplate\":\"https:\\\/\\\/retreat.shaitubali.com\\\/?s={search_term_string}\"},\"query-input\":{\"@type\":\"PropertyValueSpecification\",\"valueRequired\":true,\"valueName\":\"search_term_string\"}}],\"inLanguage\":\"de\"}]}<\/script>\n<!-- \/ Yoast SEO plugin. -->","yoast_head_json":{"title":"Danke! - Buchungsanfrage erhalten - Stille Retreats mit Dr. Shai Tubali","robots":{"index":"index","follow":"follow","max-snippet":"max-snippet:-1","max-image-preview":"max-image-preview:large","max-video-preview":"max-video-preview:-1"},"canonical":"https:\/\/retreat.shaitubali.com\/de\/registration-form\/joined\/","og_locale":"de_DE","og_type":"article","og_title":"Danke! - Buchungsanfrage erhalten - Stille Retreats mit Dr. Shai Tubali","og_description":"Herzlichen Dank!Wir haben deine Buchung erhalten.Danke, dass du dich f\u00fcr das Sommer Retreat 2026 mit Shai Tubali in Portugal, bzw. Online angemeldet hast. Der letzte Schritt, um dabei zu sein Jetzt m\u00f6chten wir dich bitten, mit der Zahlung fortzufahren, um dir deinen Platz zu sichern. Bei Online-Teilnahme zahle bitte direkt deinen Retreat-Beitrag, in 1 oder [&hellip;]","og_url":"https:\/\/retreat.shaitubali.com\/de\/registration-form\/joined\/","og_site_name":"Stille Retreats mit Dr. Shai Tubali","article_modified_time":"2026-02-11T23:30:49+00:00","twitter_card":"summary_large_image","twitter_misc":{"Gesch\u00e4tzte Lesezeit":"2\u00a0Minuten"},"schema":{"@context":"https:\/\/schema.org","@graph":[{"@type":"WebPage","@id":"https:\/\/retreat.shaitubali.com\/de\/registration-form\/joined\/","url":"https:\/\/retreat.shaitubali.com\/de\/registration-form\/joined\/","name":"Danke! - Buchungsanfrage erhalten - Stille Retreats mit Dr. Shai Tubali","isPartOf":{"@id":"https:\/\/retreat.shaitubali.com\/#website"},"datePublished":"2020-05-10T18:06:04+00:00","dateModified":"2026-02-11T23:30:49+00:00","breadcrumb":{"@id":"https:\/\/retreat.shaitubali.com\/de\/registration-form\/joined\/#breadcrumb"},"inLanguage":"de","potentialAction":[{"@type":"ReadAction","target":["https:\/\/retreat.shaitubali.com\/de\/registration-form\/joined\/"]}]},{"@type":"BreadcrumbList","@id":"https:\/\/retreat.shaitubali.com\/de\/registration-form\/joined\/#breadcrumb","itemListElement":[{"@type":"ListItem","position":1,"name":"Home","item":"https:\/\/retreat.shaitubali.com\/de\/summer-retreat-2026\/"},{"@type":"ListItem","position":2,"name":"Retreat Anmeldeformular","item":"https:\/\/retreat.shaitubali.com\/de\/registration-form\/"},{"@type":"ListItem","position":3,"name":"Danke! &#8211; Buchungsanfrage erhalten"}]},{"@type":"WebSite","@id":"https:\/\/retreat.shaitubali.com\/#website","url":"https:\/\/retreat.shaitubali.com\/","name":"Stille Retreats mit Dr. Shai Tubali","description":"The Essence of Yoga","potentialAction":[{"@type":"SearchAction","target":{"@type":"EntryPoint","urlTemplate":"https:\/\/retreat.shaitubali.com\/?s={search_term_string}"},"query-input":{"@type":"PropertyValueSpecification","valueRequired":true,"valueName":"search_term_string"}}],"inLanguage":"de"}]}},"_links":{"self":[{"href":"https:\/\/retreat.shaitubali.com\/de\/wp-json\/wp\/v2\/pages\/2090","targetHints":{"allow":["GET"]}}],"collection":[{"href":"https:\/\/retreat.shaitubali.com\/de\/wp-json\/wp\/v2\/pages"}],"about":[{"href":"https:\/\/retreat.shaitubali.com\/de\/wp-json\/wp\/v2\/types\/page"}],"author":[{"embeddable":true,"href":"https:\/\/retreat.shaitubali.com\/de\/wp-json\/wp\/v2\/users\/1"}],"replies":[{"embeddable":true,"href":"https:\/\/retreat.shaitubali.com\/de\/wp-json\/wp\/v2\/comments?post=2090"}],"version-history":[{"count":9,"href":"https:\/\/retreat.shaitubali.com\/de\/wp-json\/wp\/v2\/pages\/2090\/revisions"}],"predecessor-version":[{"id":5121,"href":"https:\/\/retreat.shaitubali.com\/de\/wp-json\/wp\/v2\/pages\/2090\/revisions\/5121"}],"up":[{"embeddable":true,"href":"https:\/\/retreat.shaitubali.com\/de\/wp-json\/wp\/v2\/pages\/2082"}],"wp:attachment":[{"href":"https:\/\/retreat.shaitubali.com\/de\/wp-json\/wp\/v2\/media?parent=2090"}],"curies":[{"name":"wp","href":"https:\/\/api.w.org\/{rel}","templated":true}]}}